{"id":18,"date":"2019-10-25T16:18:00","date_gmt":"2019-10-25T14:18:00","guid":{"rendered":"https:\/\/agence-webmarketing.eu\/camping-pdb\/?page_id=18"},"modified":"2023-12-11T15:39:53","modified_gmt":"2023-12-11T14:39:53","slug":"espace-aquatique","status":"publish","type":"page","link":"https:\/\/agence-webmarketing.eu\/camping-pdb\/espace-aquatique\/","title":{"rendered":"Espace Aquatique"},"content":{"rendered":"\t\t<div data-elementor-type=\"wp-page\" data-elementor-id=\"18\" class=\"elementor elementor-18\">\n\t\t\t\t\t\t<section class=\"elementor-section elementor-top-section elementor-element elementor-element-d253d5d elementor-section-stretched elementor-section-full_width elementor-section-height-default elementor-section-height-default\" data-id=\"d253d5d\" data-element_type=\"section\" data-settings=\"{&quot;stretch_section&quot;:&quot;section-stretched&quot;,&quot;background_background&quot;:&quot;classic&quot;}\">\n\t\t\t\t\t\t<div class=\"elementor-container elementor-column-gap-default\">\n\t\t\t\t\t<div class=\"elementor-column elementor-col-50 elementor-top-column elementor-element elementor-element-5459c71\" data-id=\"5459c71\" data-element_type=\"column\">\n\t\t\t<div class=\"elementor-widget-wrap\">\n\t\t\t\t\t\t\t<\/div>\n\t\t<\/div>\n\t\t\t\t<div class=\"elementor-column elementor-col-50 elementor-top-column elementor-element elementor-element-6ee3335 elementor-invisible\" data-id=\"6ee3335\" data-element_type=\"column\" data-settings=\"{&quot;background_background&quot;:&quot;classic&quot;,&quot;animation&quot;:&quot;fadeInLeft&quot;,&quot;animation_delay&quot;:5}\">\n\t\t\t<div class=\"elementor-widget-wrap elementor-element-populated\">\n\t\t\t\t\t\t<div class=\"elementor-element elementor-element-f9ee588 elementor-widget elementor-widget-heading\" data-id=\"f9ee588\" data-element_type=\"widget\" data-widget_type=\"heading.default\">\n\t\t\t\t<div class=\"elementor-widget-container\">\n\t\t\t\t\t<p class=\"elementor-heading-title elementor-size-default\">Profitez de  <\/br>l'<b>espace<\/b> <b>aquatique<\/b> !<\/p>\t\t\t\t<\/div>\n\t\t\t\t<\/div>\n\t\t\t\t<div class=\"elementor-element elementor-element-2550ff6 elementor-align-left elementor-widget elementor-widget-button\" data-id=\"2550ff6\" data-element_type=\"widget\" data-widget_type=\"button.default\">\n\t\t\t\t<div class=\"elementor-widget-container\">\n\t\t\t\t\t\t\t\t\t<div class=\"elementor-button-wrapper\">\n\t\t\t\t\t<a class=\"elementor-button elementor-button-link elementor-size-sm elementor-animation-float\" href=\"#piscine\" target=\"_blank\">\n\t\t\t\t\t\t<span class=\"elementor-button-content-wrapper\">\n\t\t\t\t\t\t\t\t\t<span class=\"elementor-button-text\">D\u00e9couvrir  l'espace aquatique<\/span>\n\t\t\t\t\t<\/span>\n\t\t\t\t\t<\/a>\n\t\t\t\t<\/div>\n\t\t\t\t\t\t\t\t<\/div>\n\t\t\t\t<\/div>\n\t\t\t\t\t<\/div>\n\t\t<\/div>\n\t\t\t\t\t<\/div>\n\t\t<\/section>\n\t\t\t\t<section class=\"elementor-section elementor-top-section elementor-element elementor-element-7b0a505 elementor-section-stretched elementor-section-boxed elementor-section-height-default elementor-section-height-default\" data-id=\"7b0a505\" data-element_type=\"section\" data-settings=\"{&quot;stretch_section&quot;:&quot;section-stretched&quot;,&quot;background_background&quot;:&quot;classic&quot;}\">\n\t\t\t\t\t\t<div class=\"elementor-container elementor-column-gap-default\">\n\t\t\t\t\t<div class=\"elementor-column elementor-col-100 elementor-top-column elementor-element elementor-element-3da2976\" data-id=\"3da2976\" data-element_type=\"column\">\n\t\t\t<div class=\"elementor-widget-wrap elementor-element-populated\">\n\t\t\t\t\t\t<div class=\"elementor-element elementor-element-b99bd29 elementor-widget elementor-widget-heading\" data-id=\"b99bd29\" data-element_type=\"widget\" data-widget_type=\"heading.default\">\n\t\t\t\t<div class=\"elementor-widget-container\">\n\t\t\t\t\t<p class=\"elementor-heading-title elementor-size-default\">Effectuez une r\u00e9servation de s\u00e9jour en Vend\u00e9e<\/p>\t\t\t\t<\/div>\n\t\t\t\t<\/div>\n\t\t\t\t<div class=\"elementor-element elementor-element-596f370 elementor-widget elementor-widget-text-editor\" data-id=\"596f370\" data-element_type=\"widget\" data-widget_type=\"text-editor.default\">\n\t\t\t\t<div class=\"elementor-widget-container\">\n\t\t\t\t\t\t\t\t\t<p>Camping avec piscine couverte et chauff\u00e9e,\u00a0<strong>La Par\u00e9e du Both vous accueille pour des vacances parfaites en famille ou entre amis\u00a0!<\/strong><\/p>\t\t\t\t\t\t\t\t<\/div>\n\t\t\t\t<\/div>\n\t\t\t\t<div class=\"elementor-element elementor-element-86b41f6 elementor-widget elementor-widget-html\" data-id=\"86b41f6\" data-element_type=\"widget\" data-settings=\"{&quot;_animation&quot;:&quot;none&quot;}\" data-widget_type=\"html.default\">\n\t\t\t\t<div class=\"elementor-widget-container\">\n\t\t\t\t\t<ctv-searchbar><\/ctv-searchbar>\t\t\t\t<\/div>\n\t\t\t\t<\/div>\n\t\t\t\t\t<\/div>\n\t\t<\/div>\n\t\t\t\t\t<\/div>\n\t\t<\/section>\n\t\t\t\t<section class=\"elementor-section elementor-top-section elementor-element elementor-element-bf260b7 elementor-section-full_width elementor-section-stretched elementor-section-height-default elementor-section-height-default\" data-id=\"bf260b7\" data-element_type=\"section\" data-settings=\"{&quot;stretch_section&quot;:&quot;section-stretched&quot;}\">\n\t\t\t\t\t\t<div class=\"elementor-container elementor-column-gap-default\">\n\t\t\t\t\t<div class=\"elementor-column elementor-col-100 elementor-top-column elementor-element elementor-element-1c6f4f5\" data-id=\"1c6f4f5\" data-element_type=\"column\">\n\t\t\t<div class=\"elementor-widget-wrap elementor-element-populated\">\n\t\t\t\t\t\t<div class=\"elementor-element elementor-element-ff1fcac elementor-widget elementor-widget-heading\" data-id=\"ff1fcac\" data-element_type=\"widget\" data-widget_type=\"heading.default\">\n\t\t\t\t<div class=\"elementor-widget-container\">\n\t\t\t\t\t<h1 class=\"elementor-heading-title elementor-size-default\">Camping 3 \u00e9toiles \u00e0 Saint Hilaire de Riez avec piscine chauff\u00e9e <\/h1>\t\t\t\t<\/div>\n\t\t\t\t<\/div>\n\t\t\t\t<div class=\"elementor-element elementor-element-5e711f6 elementor-widget elementor-widget-text-editor\" data-id=\"5e711f6\" data-element_type=\"widget\" data-widget_type=\"text-editor.default\">\n\t\t\t\t<div class=\"elementor-widget-container\">\n\t\t\t\t\t\t\t\t\t<p>Vous souhaitez passer des <strong>vacances en famille en Vend\u00e9e (85)<\/strong> ? Notre camping 3* vous accueille sous le signe de la d\u00e9tente et du loisir. D\u00e9couvrez notre<strong> espace aquatique<\/strong> avec <strong>piscine couverte<\/strong>, <strong>chauff\u00e9e<\/strong> et son coin d\u00e9tente avec pelouse synth\u00e9tique et transats. Notre espace aquatique est \u00e9galement \u00e9quip\u00e9 d&rsquo;un <strong>toboggan<\/strong> et d&rsquo;une <strong>pataugeoire<\/strong> qui raviront les enfants souhaitant se d\u00e9fouler. Les vacanciers adeptes d&rsquo;animations, tout comme ceux en qu\u00eate de repos et de relaxation garderont finalement tous de merveilleux souvenirs de leur s\u00e9jour \u00e0 la Par\u00e9e du Both.<\/p>\t\t\t\t\t\t\t\t<\/div>\n\t\t\t\t<\/div>\n\t\t\t\t\t<\/div>\n\t\t<\/div>\n\t\t\t\t\t<\/div>\n\t\t<\/section>\n\t\t\t\t<section class=\"elementor-section elementor-top-section elementor-element elementor-element-ec4c7ae elementor-section-stretched elementor-section-full_width elementor-section-height-default elementor-section-height-default\" data-id=\"ec4c7ae\" data-element_type=\"section\" id=\"piscine\" data-settings=\"{&quot;stretch_section&quot;:&quot;section-stretched&quot;}\">\n\t\t\t\t\t\t<div class=\"elementor-container elementor-column-gap-default\">\n\t\t\t\t\t<div class=\"elementor-column elementor-col-50 elementor-top-column elementor-element elementor-element-385239b\" data-id=\"385239b\" data-element_type=\"column\">\n\t\t\t<div class=\"elementor-widget-wrap elementor-element-populated\">\n\t\t\t\t\t\t<div class=\"elementor-element elementor-element-e504295 elementor-widget elementor-widget-toggle\" data-id=\"e504295\" data-element_type=\"widget\" data-widget_type=\"toggle.default\">\n\t\t\t\t<div class=\"elementor-widget-container\">\n\t\t\t\t\t\t\t<div class=\"elementor-toggle\">\n\t\t\t\t\t\t\t<div class=\"elementor-toggle-item\">\n\t\t\t\t\t<h2 id=\"elementor-tab-title-2401\" class=\"elementor-tab-title\" data-tab=\"1\" role=\"button\" aria-controls=\"elementor-tab-content-2401\" aria-expanded=\"false\">\n\t\t\t\t\t\t\t\t\t\t\t\t<a class=\"elementor-toggle-title\" tabindex=\"0\">Un espace de d\u00e9tente avec piscine chauff\u00e9e<\/a>\n\t\t\t\t\t<\/h2>\n\n\t\t\t\t\t<div id=\"elementor-tab-content-2401\" class=\"elementor-tab-content elementor-clearfix\" data-tab=\"1\" role=\"region\" aria-labelledby=\"elementor-tab-title-2401\"><p><span style=\"color: #000000;\"><strong>La<\/strong> <strong>piscine couverte est chauff\u00e9e<\/strong> pendant toute la p\u00e9riode d\u2019ouverture de votre camping pour vous permettre de vous baigner en Vend\u00e9e en toute tranquillit\u00e9. Optez pour un s\u00e9jour agr\u00e9able quelles que soient les conditions m\u00e9t\u00e9orologiques. Rien de plus agr\u00e9able qu\u2019un camping avec une piscine\u00a0! Et cela tombe plut\u00f4t bien, puisque <strong>le camping La Par\u00e9e du Both est \u00e9quip\u00e9 d\u2019une piscine couverte qui vous attend toute la saison<\/strong>. Un bassin couvert et chauff\u00e9 de 8m sur 15m avec une profondeur de 0,80m \u00e0 1,60m maximum. Vous allez pouvoir vous y d\u00e9tendre et profiter du soleil doux de la Vend\u00e9e.<\/span><\/p><p><span style=\"color: #000000;\">Optez pour un <strong>r\u00e9veil musculaire aquatique<\/strong> pour tonifier votre corps. <strong>La s\u00e9ance d\u2019aquagym pour la remise en forme<\/strong> figure parmi <span style=\"text-decoration: underline; color: #e6007e;\"><a style=\"color: #e6007e; text-decoration: underline;\" href=\"https:\/\/agence-webmarketing.eu\/camping-pdb\/animations-2\/\">nos animations phares<\/a><\/span>. De la bonne humeur et de la convivialit\u00e9 pour passer une bonne journ\u00e9e !\u00a0<\/span><\/p><\/div>\n\t\t\t\t<\/div>\n\t\t\t\t\t\t\t\t<\/div>\n\t\t\t\t\t\t<\/div>\n\t\t\t\t<\/div>\n\t\t\t\t<div class=\"elementor-element elementor-element-d838fc1 elementor-align-left elementor-icon-list--layout-traditional elementor-list-item-link-full_width elementor-widget elementor-widget-icon-list\" data-id=\"d838fc1\" data-element_type=\"widget\" data-widget_type=\"icon-list.default\">\n\t\t\t\t<div class=\"elementor-widget-container\">\n\t\t\t\t\t\t\t<ul class=\"elementor-icon-list-items\">\n\t\t\t\t\t\t\t<li class=\"elementor-icon-list-item\">\n\t\t\t\t\t\t\t\t\t\t\t<span class=\"elementor-icon-list-icon\">\n\t\t\t\t\t\t\t<i aria-hidden=\"true\" class=\"fas fa-thermometer-three-quarters\"><\/i>\t\t\t\t\t\t<\/span>\n\t\t\t\t\t\t\t\t\t\t<span class=\"elementor-icon-list-text\">Bassin chauff\u00e9 d'environ 8m sur 15m avec une profondeur de 0,80m \u00e0 1,60m maxi\u00a0<\/span>\n\t\t\t\t\t\t\t\t\t<\/li>\n\t\t\t\t\t\t\t\t<li class=\"elementor-icon-list-item\">\n\t\t\t\t\t\t\t\t\t\t\t<span class=\"elementor-icon-list-icon\">\n\t\t\t\t\t\t\t<i aria-hidden=\"true\" class=\"fas fa-tree\"><\/i>\t\t\t\t\t\t<\/span>\n\t\t\t\t\t\t\t\t\t\t<span class=\"elementor-icon-list-text\">Piscine avec coin d\u00e9tente et ombrag\u00e9 sur gazon synth\u00e9tique et espace paysag\u00e9  <\/span>\n\t\t\t\t\t\t\t\t\t<\/li>\n\t\t\t\t\t\t\t\t<li class=\"elementor-icon-list-item\">\n\t\t\t\t\t\t\t\t\t\t\t<span class=\"elementor-icon-list-icon\">\n\t\t\t\t\t\t\t<svg xmlns=\"http:\/\/www.w3.org\/2000\/svg\" id=\"Capa_1\" data-name=\"Capa 1\" viewBox=\"0 0 353.29 392.47\"><path d=\"M79.58,350.14a21.62,21.62,0,0,1,30.58,0h0a45,45,0,0,0,63.64,0l0,0a21.62,21.62,0,0,1,30.58,0h0c17.56,17.55,45.9,17.33,63.67,0,6.8-6.63,11.74-6.32,15.3-6.34a21.31,21.31,0,0,1,15.31,6.34,45.08,45.08,0,0,0,63.67,0,11.7,11.7,0,0,0-16.54-16.54,21.64,21.64,0,0,1-30.59,0,44.74,44.74,0,0,0-35.65-13V166.77a53.8,53.8,0,0,0-107.59,0,11.7,11.7,0,1,0,23.39.68c0-.22,0-.45,0-.68a30.41,30.41,0,0,1,60.81,0v49.9h-106v-49.9a53.8,53.8,0,1,0-107.6,0,11.7,11.7,0,1,0,23.39.68c0-.22,0-.45,0-.68a30.41,30.41,0,1,1,60.82,0v166.8a45.06,45.06,0,0,0-63.67,0,21.64,21.64,0,0,1-30.59,0,11.73,11.73,0,0,0-16.62,16.57A45.07,45.07,0,0,0,79.58,350.14Zm156.7-10.24a21.52,21.52,0,0,1-15.3-6.33,45.06,45.06,0,0,0-63.67,0,21.35,21.35,0,0,1-7.15,4.75V310.23h106v19.31a45.17,45.17,0,0,0-4.63,4A21.46,21.46,0,0,1,236.28,339.9Zm19.92-99.84v46.78h-106V240.06Z\" transform=\"translate(-12.51 -20.33)\"><\/path><path d=\"M345.83,383.08a21.64,21.64,0,0,1-30.59,0,45,45,0,0,0-63.64,0l0,0a21.64,21.64,0,0,1-30.59,0,45.06,45.06,0,0,0-63.67,0,21.64,21.64,0,0,1-30.59,0,45,45,0,0,0-63.64,0l0,0a21.64,21.64,0,0,1-30.59,0,11.69,11.69,0,0,0-16.54,16.53,45.06,45.06,0,0,0,63.67,0,21.64,21.64,0,0,1,30.59,0,45,45,0,0,0,63.64,0l0,0a21.64,21.64,0,0,1,30.59,0,45.06,45.06,0,0,0,63.67,0,21.64,21.64,0,0,1,30.59,0,45.06,45.06,0,0,0,63.67,0,11.69,11.69,0,0,0-16.54-16.53Z\" transform=\"translate(-12.51 -20.33)\"><\/path><path d=\"M13.46,99.75h0a12.21,12.21,0,0,1,6.89-16.11l159.21-61a34.44,34.44,0,0,1,25.47.32L352.3,83.67a12.19,12.19,0,0,1,6.26,16.73l-.05.1A12.2,12.2,0,0,1,343,106.35L211.39,53.11a53.06,53.06,0,0,0-38.48-.51L29,106.46A12.19,12.19,0,0,1,13.46,99.75Z\" transform=\"translate(-12.51 -20.33)\"><\/path><\/svg>\t\t\t\t\t\t<\/span>\n\t\t\t\t\t\t\t\t\t\t<span class=\"elementor-icon-list-text\">Couverture de piscine ouvrable sur l'ensemble du bassin avec une hauteur de plus de 6 m\u00e8tres <\/span>\n\t\t\t\t\t\t\t\t\t<\/li>\n\t\t\t\t\t\t\t\t<li class=\"elementor-icon-list-item\">\n\t\t\t\t\t\t\t\t\t\t\t<span class=\"elementor-icon-list-icon\">\n\t\t\t\t\t\t\t<i aria-hidden=\"true\" class=\"fas fa-chair\"><\/i>\t\t\t\t\t\t<\/span>\n\t\t\t\t\t\t\t\t\t\t<span class=\"elementor-icon-list-text\">Transats et fauteuils de d\u00e9tente \u00e0 disposition <\/span>\n\t\t\t\t\t\t\t\t\t<\/li>\n\t\t\t\t\t\t<\/ul>\n\t\t\t\t\t\t<\/div>\n\t\t\t\t<\/div>\n\t\t\t\t<div class=\"elementor-element elementor-element-049b70f elementor-align-center elementor-widget elementor-widget-button\" data-id=\"049b70f\" data-element_type=\"widget\" data-widget_type=\"button.default\">\n\t\t\t\t<div class=\"elementor-widget-container\">\n\t\t\t\t\t\t\t\t\t<div class=\"elementor-button-wrapper\">\n\t\t\t\t\t<a class=\"elementor-button elementor-button-link elementor-size-sm elementor-animation-float\" href=\"https:\/\/agence-webmarketing.eu\/camping-pdb\/animations-2\/\" target=\"_blank\">\n\t\t\t\t\t\t<span class=\"elementor-button-content-wrapper\">\n\t\t\t\t\t\t\t\t\t<span class=\"elementor-button-text\">D\u00e9couvrez nos animations<\/span>\n\t\t\t\t\t<\/span>\n\t\t\t\t\t<\/a>\n\t\t\t\t<\/div>\n\t\t\t\t\t\t\t\t<\/div>\n\t\t\t\t<\/div>\n\t\t\t\t\t<\/div>\n\t\t<\/div>\n\t\t\t\t<div class=\"elementor-column elementor-col-50 elementor-top-column elementor-element elementor-element-a657136 elementor-invisible\" data-id=\"a657136\" data-element_type=\"column\" data-settings=\"{&quot;animation&quot;:&quot;fadeInRight&quot;,&quot;background_background&quot;:&quot;classic&quot;}\">\n\t\t\t<div class=\"elementor-widget-wrap\">\n\t\t\t\t\t\t\t<\/div>\n\t\t<\/div>\n\t\t\t\t\t<\/div>\n\t\t<\/section>\n\t\t\t\t<section class=\"elementor-section elementor-top-section elementor-element elementor-element-2865ca1 elementor-section-stretched elementor-reverse-tablet elementor-reverse-mobile elementor-section-full_width elementor-section-height-default elementor-section-height-default\" data-id=\"2865ca1\" data-element_type=\"section\" data-settings=\"{&quot;stretch_section&quot;:&quot;section-stretched&quot;,&quot;background_background&quot;:&quot;classic&quot;}\">\n\t\t\t\t\t\t<div class=\"elementor-container elementor-column-gap-default\">\n\t\t\t\t\t<div class=\"elementor-column elementor-col-50 elementor-top-column elementor-element elementor-element-6c00dc4\" data-id=\"6c00dc4\" data-element_type=\"column\">\n\t\t\t<div class=\"elementor-widget-wrap\">\n\t\t\t\t\t\t\t<\/div>\n\t\t<\/div>\n\t\t\t\t<div class=\"elementor-column elementor-col-50 elementor-top-column elementor-element elementor-element-4eed5e0\" data-id=\"4eed5e0\" data-element_type=\"column\" data-settings=\"{&quot;animation&quot;:&quot;none&quot;}\">\n\t\t\t<div class=\"elementor-widget-wrap elementor-element-populated\">\n\t\t\t\t\t\t<div class=\"elementor-element elementor-element-9f5901f elementor-widget elementor-widget-toggle\" data-id=\"9f5901f\" data-element_type=\"widget\" data-widget_type=\"toggle.default\">\n\t\t\t\t<div class=\"elementor-widget-container\">\n\t\t\t\t\t\t\t<div class=\"elementor-toggle\">\n\t\t\t\t\t\t\t<div class=\"elementor-toggle-item\">\n\t\t\t\t\t<h2 id=\"elementor-tab-title-1671\" class=\"elementor-tab-title\" data-tab=\"1\" role=\"button\" aria-controls=\"elementor-tab-content-1671\" aria-expanded=\"false\">\n\t\t\t\t\t\t\t\t\t\t\t\t<a class=\"elementor-toggle-title\" tabindex=\"0\">Une piscine ludique adapt\u00e9e pour les enfants <\/a>\n\t\t\t\t\t<\/h2>\n\n\t\t\t\t\t<div id=\"elementor-tab-content-1671\" class=\"elementor-tab-content elementor-clearfix\" data-tab=\"1\" role=\"region\" aria-labelledby=\"elementor-tab-title-1671\"><p><span style=\"color: #000000;\"><strong>Un espace aquatique est sp\u00e9cialement am\u00e9nag\u00e9 pour les enfants<\/strong> <strong>avec toboggan et pataugeoire<\/strong>. Les plus petits pourront profiter de cette pataugeoire avec <strong>de nombreux jeux aqualudiques et des mini-toboggans<\/strong>. S\u2019amuser oui, mais en toute s\u00e9curit\u00e9\u00a0!\u00a0<\/span><span style=\"font-weight: bold; color: #000000;\">Encadr\u00e9s par nos animateurs<\/span><span style=\"color: #000000;\">, vos enfants pourront \u00e9galement\u00a0<\/span><span style=\"font-weight: bold; color: #000000;\">participer aux s\u00e9ances de jeux aquatiques<\/span><span style=\"color: #000000;\">\u00a0et profiter des plaisirs de l\u2019eau avec leurs nouveaux amis.<\/span><\/p><p><span style=\"color: #000000;\">A l\u2019occasion d\u2019un s\u00e9jour \u00e0 La Par\u00e9e du Both, pour pouvez <strong>d\u00e9couvrir le grand espace aquatique de la r\u00e9gion<\/strong>. Situ\u00e9 \u00e0 Saint-Hilaire-de-Riez en Vend\u00e9e, <span style=\"text-decoration: underline; color: #e6007e;\"><a style=\"color: #e6007e; text-decoration: underline;\" href=\"https:\/\/agence-webmarketing.eu\/camping-pdb\/tourisme\/les-incontournables-de-la-vendee\/\">le parc aquatique Atlantic Toboggan<\/a><\/span> offre la possibilit\u00e9 de s\u2019amuser \u00e0 travers diff\u00e9rentes activit\u00e9s nautiques. Retrouvez plusieurs bassins chauff\u00e9s, 8 pistes de toboggans et des aires de jeux pour les enfants. Un temple de la baignade qui ravit aussi bien les petits que les grands\u00a0!<\/span><\/p><p>\u00a0<\/p><\/div>\n\t\t\t\t<\/div>\n\t\t\t\t\t\t\t\t<\/div>\n\t\t\t\t\t\t<\/div>\n\t\t\t\t<\/div>\n\t\t\t\t<div class=\"elementor-element elementor-element-86d9d10 elementor-widget elementor-widget-spacer\" data-id=\"86d9d10\" data-element_type=\"widget\" data-widget_type=\"spacer.default\">\n\t\t\t\t<div class=\"elementor-widget-container\">\n\t\t\t\t\t\t\t<div class=\"elementor-spacer\">\n\t\t\t<div class=\"elementor-spacer-inner\"><\/div>\n\t\t<\/div>\n\t\t\t\t\t\t<\/div>\n\t\t\t\t<\/div>\n\t\t\t\t<div class=\"elementor-element elementor-element-b6d435c elementor-align-left elementor-icon-list--layout-traditional elementor-list-item-link-full_width elementor-widget elementor-widget-icon-list\" data-id=\"b6d435c\" data-element_type=\"widget\" data-widget_type=\"icon-list.default\">\n\t\t\t\t<div class=\"elementor-widget-container\">\n\t\t\t\t\t\t\t<ul class=\"elementor-icon-list-items\">\n\t\t\t\t\t\t\t<li class=\"elementor-icon-list-item\">\n\t\t\t\t\t\t\t\t\t\t\t<span class=\"elementor-icon-list-icon\">\n\t\t\t\t\t\t\t<i aria-hidden=\"true\" class=\"fas fa-child\"><\/i>\t\t\t\t\t\t<\/span>\n\t\t\t\t\t\t\t\t\t\t<span class=\"elementor-icon-list-text\">Toboggan aquatique pour les petits comme pour les grands<\/span>\n\t\t\t\t\t\t\t\t\t<\/li>\n\t\t\t\t\t\t\t\t<li class=\"elementor-icon-list-item\">\n\t\t\t\t\t\t\t\t\t\t\t<span class=\"elementor-icon-list-icon\">\n\t\t\t\t\t\t\t<i aria-hidden=\"true\" class=\"fas fa-swimming-pool\"><\/i>\t\t\t\t\t\t<\/span>\n\t\t\t\t\t\t\t\t\t\t<span class=\"elementor-icon-list-text\">Pataugeoire chauff\u00e9e avec serpent ludique <\/span>\n\t\t\t\t\t\t\t\t\t<\/li>\n\t\t\t\t\t\t<\/ul>\n\t\t\t\t\t\t<\/div>\n\t\t\t\t<\/div>\n\t\t\t\t<div class=\"elementor-element elementor-element-fdeafce elementor-align-center elementor-widget elementor-widget-button\" data-id=\"fdeafce\" data-element_type=\"widget\" data-widget_type=\"button.default\">\n\t\t\t\t<div class=\"elementor-widget-container\">\n\t\t\t\t\t\t\t\t\t<div class=\"elementor-button-wrapper\">\n\t\t\t\t\t<a class=\"elementor-button elementor-button-link elementor-size-sm elementor-animation-float\" href=\"https:\/\/agence-webmarketing.eu\/camping-pdb\/activites-enfants\/\" target=\"_blank\">\n\t\t\t\t\t\t<span class=\"elementor-button-content-wrapper\">\n\t\t\t\t\t\t\t\t\t<span class=\"elementor-button-text\">D\u00e9couvrir les activit\u00e9s pour enfants<\/span>\n\t\t\t\t\t<\/span>\n\t\t\t\t\t<\/a>\n\t\t\t\t<\/div>\n\t\t\t\t\t\t\t\t<\/div>\n\t\t\t\t<\/div>\n\t\t\t\t\t<\/div>\n\t\t<\/div>\n\t\t\t\t\t<\/div>\n\t\t<\/section>\n\t\t\t\t<\/div>\n\t\t","protected":false},"excerpt":{"rendered":"<p>Profitez de l&rsquo;espace aquatique ! D\u00e9couvrir l&rsquo;espace aquatique Effectuez une r\u00e9servation de s\u00e9jour en Vend\u00e9e Camping avec piscine couverte et chauff\u00e9e,\u00a0La Par\u00e9e du Both vous accueille pour des vacances parfaites en famille ou entre amis\u00a0! Camping 3 \u00e9toiles \u00e0 Saint Hilaire de Riez avec piscine chauff\u00e9e Vous souhaitez passer des vacances en famille en Vend\u00e9e &#8230; <a title=\"Espace Aquatique\" class=\"read-more\" href=\"https:\/\/agence-webmarketing.eu\/camping-pdb\/espace-aquatique\/\" aria-label=\"En savoir plus sur Espace Aquatique\">Lire la suite<\/a><\/p>\n","protected":false},"author":1,"featured_media":0,"parent":0,"menu_order":0,"comment_status":"closed","ping_status":"closed","template":"elementor_header_footer","meta":{"footnotes":""},"aioseo_notices":[],"_links":{"self":[{"href":"https:\/\/agence-webmarketing.eu\/camping-pdb\/wp-json\/wp\/v2\/pages\/18"}],"collection":[{"href":"https:\/\/agence-webmarketing.eu\/camping-pdb\/wp-json\/wp\/v2\/pages"}],"about":[{"href":"https:\/\/agence-webmarketing.eu\/camping-pdb\/wp-json\/wp\/v2\/types\/page"}],"author":[{"embeddable":true,"href":"https:\/\/agence-webmarketing.eu\/camping-pdb\/wp-json\/wp\/v2\/users\/1"}],"replies":[{"embeddable":true,"href":"https:\/\/agence-webmarketing.eu\/camping-pdb\/wp-json\/wp\/v2\/comments?post=18"}],"version-history":[{"count":0,"href":"https:\/\/agence-webmarketing.eu\/camping-pdb\/wp-json\/wp\/v2\/pages\/18\/revisions"}],"wp:attachment":[{"href":"https:\/\/agence-webmarketing.eu\/camping-pdb\/wp-json\/wp\/v2\/media?parent=18"}],"curies":[{"name":"wp","href":"https:\/\/api.w.org\/{rel}","templated":true}]}}