{"id":28,"date":"2019-10-25T16:21:06","date_gmt":"2019-10-25T14:21:06","guid":{"rendered":"https:\/\/agence-webmarketing.eu\/camping-pdb\/?page_id=28"},"modified":"2022-05-10T15:52:04","modified_gmt":"2022-05-10T13:52:04","slug":"tourisme","status":"publish","type":"page","link":"https:\/\/agence-webmarketing.eu\/camping-pdb\/tourisme\/","title":{"rendered":"Tourisme"},"content":{"rendered":"\t\t<div data-elementor-type=\"wp-page\" data-elementor-id=\"28\" class=\"elementor elementor-28\">\n\t\t\t\t\t\t<section class=\"elementor-section elementor-top-section elementor-element elementor-element-9cc3765 elementor-section-stretched elementor-section-full_width elementor-section-height-min-height elementor-section-height-default elementor-section-items-middle\" data-id=\"9cc3765\" data-element_type=\"section\" data-settings=\"{&quot;stretch_section&quot;:&quot;section-stretched&quot;,&quot;background_background&quot;:&quot;classic&quot;}\">\n\t\t\t\t\t\t\t<div class=\"elementor-background-overlay\"><\/div>\n\t\t\t\t\t\t\t<div class=\"elementor-container elementor-column-gap-default\">\n\t\t\t\t\t<div class=\"elementor-column elementor-col-50 elementor-top-column elementor-element elementor-element-9735d93 elementor-invisible\" data-id=\"9735d93\" data-element_type=\"column\" data-settings=\"{&quot;background_background&quot;:&quot;classic&quot;,&quot;animation&quot;:&quot;fadeInLeft&quot;,&quot;animation_delay&quot;:5}\">\n\t\t\t<div class=\"elementor-widget-wrap elementor-element-populated\">\n\t\t\t\t\t\t<div class=\"elementor-element elementor-element-d1f6dbb elementor-widget elementor-widget-heading\" data-id=\"d1f6dbb\" data-element_type=\"widget\" data-widget_type=\"heading.default\">\n\t\t\t\t<div class=\"elementor-widget-container\">\n\t\t\t\t\t<h1 class=\"elementor-heading-title elementor-size-default\">Tourisme en  <b>Vend\u00e9e<\/b> : les lieux \u00e0 visiter, \u00e0 voir <\/h1>\t\t\t\t<\/div>\n\t\t\t\t<\/div>\n\t\t\t\t\t<\/div>\n\t\t<\/div>\n\t\t\t\t<div class=\"elementor-column elementor-col-50 elementor-top-column elementor-element elementor-element-2255384\" data-id=\"2255384\" data-element_type=\"column\">\n\t\t\t<div class=\"elementor-widget-wrap\">\n\t\t\t\t\t\t\t<\/div>\n\t\t<\/div>\n\t\t\t\t\t<\/div>\n\t\t<\/section>\n\t\t\t\t<section class=\"elementor-section elementor-top-section elementor-element elementor-element-27a4ca5 elementor-section-full_width elementor-section-stretched elementor-section-height-default elementor-section-height-default\" data-id=\"27a4ca5\" data-element_type=\"section\" data-settings=\"{&quot;stretch_section&quot;:&quot;section-stretched&quot;}\">\n\t\t\t\t\t\t<div class=\"elementor-container elementor-column-gap-default\">\n\t\t\t\t\t<div class=\"elementor-column elementor-col-100 elementor-top-column elementor-element elementor-element-bb217b1\" data-id=\"bb217b1\" data-element_type=\"column\">\n\t\t\t<div class=\"elementor-widget-wrap elementor-element-populated\">\n\t\t\t\t\t\t<div class=\"elementor-element elementor-element-38e21cf elementor-widget elementor-widget-text-editor\" data-id=\"38e21cf\" data-element_type=\"widget\" data-widget_type=\"text-editor.default\">\n\t\t\t\t<div class=\"elementor-widget-container\">\n\t\t\t\t\t\t\t\t\t<p><span style=\"color: #000000;\">La Vend\u00e9e (85) situ\u00e9 dans la r\u00e9gion des Pays de la Loire regorge de paysages \u00e0 d\u00e9couvrir. Venez poser le pied sur les<strong> \u00eeles phares de la Vend\u00e9e<\/strong> : <strong>l&rsquo;\u00eele de Noirmoutier<\/strong> et\u00a0 <strong>l&rsquo;\u00eele d&rsquo;Yeu<\/strong>. D\u00e9couvrez aussi des plages mythiques comme celles des <strong>Sables d&rsquo;Olonne<\/strong> ou d&rsquo;autres petites plages plus sauvages et intimistes.\u00a0 Au-del\u00e0 des paysages, profitez de nombreuses <strong>activit\u00e9s sportives et de loisirs<\/strong>. La Vend\u00e9e abrite le <strong>Puy du fou<\/strong>, \u00e9lu meilleur parc du monde en 2012. Sans parcourir de nombreux km, vous avez plusieurs activit\u00e9s \u00e0 proximit\u00e9 du <strong>camping 3*** La Par\u00e9e du Both<\/strong>, notamment un accrobranche pour des moments sportifs en famille ou entre amis ainsi que des <strong>circuits de randonn\u00e9e<\/strong> ou encore la d\u00e9couverte de <strong>La Corniche Vend\u00e9enne<\/strong>. En bref, profitez d&rsquo;autant de visites culturelles que de vir\u00e9es sportives en passant un <strong>s\u00e9jour au coeur de la Vend\u00e9e au bord de la mer<\/strong>. N&rsquo;h\u00e9sitez-pas \u00e0 demander conseil \u00e0 l&rsquo;accueil du camping, nous nous ferons un plaisir de vous partager nos coups de c\u0153ur\u00a0et bonnes adresses.<\/span><\/p>\t\t\t\t\t\t\t\t<\/div>\n\t\t\t\t<\/div>\n\t\t\t\t<section class=\"elementor-section elementor-inner-section elementor-element elementor-element-595021f elementor-section-full_width elementor-section-height-default elementor-section-height-default\" data-id=\"595021f\" data-element_type=\"section\">\n\t\t\t\t\t\t<div class=\"elementor-container elementor-column-gap-default\">\n\t\t\t\t\t<div class=\"elementor-column elementor-col-50 elementor-inner-column elementor-element elementor-element-26f9402\" data-id=\"26f9402\" data-element_type=\"column\">\n\t\t\t<div class=\"elementor-widget-wrap\">\n\t\t\t\t\t\t\t<\/div>\n\t\t<\/div>\n\t\t\t\t<div class=\"elementor-column elementor-col-50 elementor-inner-column elementor-element elementor-element-452cd07\" data-id=\"452cd07\" data-element_type=\"column\">\n\t\t\t<div class=\"elementor-widget-wrap\">\n\t\t\t\t\t\t\t<\/div>\n\t\t<\/div>\n\t\t\t\t\t<\/div>\n\t\t<\/section>\n\t\t\t\t\t<\/div>\n\t\t<\/div>\n\t\t\t\t\t<\/div>\n\t\t<\/section>\n\t\t\t\t<section class=\"elementor-section elementor-top-section elementor-element elementor-element-0f36aba elementor-section-stretched elementor-section-boxed elementor-section-height-default elementor-section-height-default\" data-id=\"0f36aba\" data-element_type=\"section\" data-settings=\"{&quot;stretch_section&quot;:&quot;section-stretched&quot;,&quot;background_background&quot;:&quot;classic&quot;}\">\n\t\t\t\t\t\t<div class=\"elementor-container elementor-column-gap-default\">\n\t\t\t\t\t<div class=\"elementor-column elementor-col-100 elementor-top-column elementor-element elementor-element-a2bf189\" data-id=\"a2bf189\" data-element_type=\"column\">\n\t\t\t<div class=\"elementor-widget-wrap elementor-element-populated\">\n\t\t\t\t\t\t<div class=\"elementor-element elementor-element-cc17aec elementor-widget elementor-widget-heading\" data-id=\"cc17aec\" data-element_type=\"widget\" data-widget_type=\"heading.default\">\n\t\t\t\t<div class=\"elementor-widget-container\">\n\t\t\t\t\t<p class=\"elementor-heading-title elementor-size-default\">R\u00e9servez votre s\u00e9jour en Vend\u00e9e<\/p>\t\t\t\t<\/div>\n\t\t\t\t<\/div>\n\t\t\t\t<div class=\"elementor-element elementor-element-6c797c0 elementor-widget elementor-widget-html\" data-id=\"6c797c0\" data-element_type=\"widget\" data-settings=\"{&quot;_animation&quot;:&quot;none&quot;}\" data-widget_type=\"html.default\">\n\t\t\t\t<div class=\"elementor-widget-container\">\n\t\t\t\t\t<ctv-searchbar><\/ctv-searchbar>\t\t\t\t<\/div>\n\t\t\t\t<\/div>\n\t\t\t\t\t<\/div>\n\t\t<\/div>\n\t\t\t\t\t<\/div>\n\t\t<\/section>\n\t\t\t\t<\/div>\n\t\t","protected":false},"excerpt":{"rendered":"<p>Tourisme en Vend\u00e9e : les lieux \u00e0 visiter, \u00e0 voir La Vend\u00e9e (85) situ\u00e9 dans la r\u00e9gion des Pays de la Loire regorge de paysages \u00e0 d\u00e9couvrir. Venez poser le pied sur les \u00eeles phares de la Vend\u00e9e : l&rsquo;\u00eele de Noirmoutier et\u00a0 l&rsquo;\u00eele d&rsquo;Yeu. D\u00e9couvrez aussi des plages mythiques comme celles des Sables d&rsquo;Olonne &#8230; <a title=\"Tourisme\" class=\"read-more\" href=\"https:\/\/agence-webmarketing.eu\/camping-pdb\/tourisme\/\" aria-label=\"En savoir plus sur Tourisme\">Lire la suite<\/a><\/p>\n","protected":false},"author":1,"featured_media":0,"parent":0,"menu_order":0,"comment_status":"closed","ping_status":"closed","template":"elementor_header_footer","meta":{"footnotes":""},"aioseo_notices":[],"_links":{"self":[{"href":"https:\/\/agence-webmarketing.eu\/camping-pdb\/wp-json\/wp\/v2\/pages\/28"}],"collection":[{"href":"https:\/\/agence-webmarketing.eu\/camping-pdb\/wp-json\/wp\/v2\/pages"}],"about":[{"href":"https:\/\/agence-webmarketing.eu\/camping-pdb\/wp-json\/wp\/v2\/types\/page"}],"author":[{"embeddable":true,"href":"https:\/\/agence-webmarketing.eu\/camping-pdb\/wp-json\/wp\/v2\/users\/1"}],"replies":[{"embeddable":true,"href":"https:\/\/agence-webmarketing.eu\/camping-pdb\/wp-json\/wp\/v2\/comments?post=28"}],"version-history":[{"count":0,"href":"https:\/\/agence-webmarketing.eu\/camping-pdb\/wp-json\/wp\/v2\/pages\/28\/revisions"}],"wp:attachment":[{"href":"https:\/\/agence-webmarketing.eu\/camping-pdb\/wp-json\/wp\/v2\/media?parent=28"}],"curies":[{"name":"wp","href":"https:\/\/api.w.org\/{rel}","templated":true}]}}