{"id":664,"date":"2025-07-09T17:51:45","date_gmt":"2025-07-09T15:51:45","guid":{"rendered":"https:\/\/agence-webmarketing.eu\/gemt\/?page_id=664"},"modified":"2026-02-16T12:27:26","modified_gmt":"2026-02-16T11:27:26","slug":"mentions-legales","status":"publish","type":"page","link":"https:\/\/agence-webmarketing.eu\/gemt\/mentions-legales\/","title":{"rendered":"Mentions l\u00e9gales"},"content":{"rendered":"\t\t<div data-elementor-type=\"wp-page\" data-elementor-id=\"664\" class=\"elementor elementor-664\" data-elementor-post-type=\"page\">\n\t\t\t\t<div data-particle_enable=\"false\" data-particle-mobile-disabled=\"false\" class=\"elementor-element elementor-element-88f0e12 e-con-full e-flex e-con e-parent\" data-id=\"88f0e12\" data-element_type=\"container\" data-settings=\"{&quot;background_background&quot;:&quot;gradient&quot;,&quot;shape_divider_bottom&quot;:&quot;triangle-asymmetrical&quot;}\">\n\t\t\t\t<div class=\"elementor-shape elementor-shape-bottom\" aria-hidden=\"true\" data-negative=\"false\">\n\t\t\t<svg xmlns=\"http:\/\/www.w3.org\/2000\/svg\" viewBox=\"0 0 1000 100\" preserveAspectRatio=\"none\">\n\t<path class=\"elementor-shape-fill\" d=\"M738,99l262-93V0H0v5.6L738,99z\"\/>\n<\/svg>\t\t<\/div>\n\t\t<div data-particle_enable=\"false\" data-particle-mobile-disabled=\"false\" class=\"elementor-element elementor-element-a42702c e-con-full e-flex e-con e-child\" data-id=\"a42702c\" data-element_type=\"container\">\n\t\t\t\t<div class=\"elementor-element elementor-element-6948a21 elementor-widget elementor-widget-heading\" data-id=\"6948a21\" data-element_type=\"widget\" data-widget_type=\"heading.default\">\n\t\t\t\t<div class=\"elementor-widget-container\">\n\t\t\t\t\t<h2 class=\"elementor-heading-title elementor-size-default\">Mentions l\u00e9gales<\/h2>\t\t\t\t<\/div>\n\t\t\t\t<\/div>\n\t\t\t\t<\/div>\n\t\t<div data-particle_enable=\"false\" data-particle-mobile-disabled=\"false\" class=\"elementor-element elementor-element-a38f0be e-con-full e-flex e-con e-child\" data-id=\"a38f0be\" data-element_type=\"container\">\n\t\t\t\t<\/div>\n\t\t\t\t<\/div>\n\t\t<div data-particle_enable=\"false\" data-particle-mobile-disabled=\"false\" class=\"elementor-element elementor-element-484bde8 e-con-full e-flex e-con e-parent\" data-id=\"484bde8\" data-element_type=\"container\" data-settings=\"{&quot;background_motion_fx_devices&quot;:[&quot;desktop&quot;,&quot;tablet&quot;,&quot;mobile&quot;]}\">\n\t\t<div data-particle_enable=\"false\" data-particle-mobile-disabled=\"false\" class=\"elementor-element elementor-element-f5850f0 e-con-full e-flex e-con e-child\" data-id=\"f5850f0\" data-element_type=\"container\">\n\t\t\t\t<div class=\"elementor-element elementor-element-a0cbf63 elementor-widget elementor-widget-heading\" data-id=\"a0cbf63\" data-element_type=\"widget\" data-widget_type=\"heading.default\">\n\t\t\t\t<div class=\"elementor-widget-container\">\n\t\t\t\t\t<h2 class=\"elementor-heading-title elementor-size-default\">\u00c9diteur de site<\/h2>\t\t\t\t<\/div>\n\t\t\t\t<\/div>\n\t\t\t\t<div class=\"elementor-element elementor-element-100122c elementor-widget elementor-widget-text-editor\" data-id=\"100122c\" data-element_type=\"widget\" data-widget_type=\"text-editor.default\">\n\t\t\t\t<div class=\"elementor-widget-container\">\n\t\t\t\t\t\t\t\t\t<p><strong>Si\u00e8ge social :<\/strong> 8 Rue du Petit Fief, 91700 Sainte-Genevi\u00e8ve-des-Bois<\/p><p><strong>T\u00e9l\u00e9phone :<\/strong> <a href=\"tel:0986346061\"><span class=\"elementor-icon-list-text\">09 86 34 60 61<\/span><\/a><\/p><p><strong>Mail :<\/strong> nicolas.hue[@]gemt.fr<\/p><p><strong>Directeur de la publication :\u00a0<\/strong>Nicolas Hue<\/p><p><strong>Responsable de la r\u00e9daction : <\/strong>Nicolas Hue<\/p><p><strong>H\u00e9bergeur<\/strong> : Planet Hoster<\/p><p><strong>Webmestre<\/strong> : Nicolas Hue<\/p><p><strong>Cr\u00e9ation de site internet :<\/strong>\u00a0Cap Visibilit\u00e9<\/p>\t\t\t\t\t\t\t\t<\/div>\n\t\t\t\t<\/div>\n\t\t\t\t<\/div>\n\t\t<div data-particle_enable=\"false\" data-particle-mobile-disabled=\"false\" class=\"elementor-element elementor-element-3a7bcb4 e-con-full e-flex e-con e-child\" data-id=\"3a7bcb4\" data-element_type=\"container\">\n\t\t\t\t<\/div>\n\t\t\t\t<\/div>\n\t\t<div data-particle_enable=\"false\" data-particle-mobile-disabled=\"false\" class=\"elementor-element elementor-element-0168dba e-con-full e-flex e-con e-parent\" data-id=\"0168dba\" data-element_type=\"container\" data-settings=\"{&quot;background_motion_fx_devices&quot;:[&quot;desktop&quot;,&quot;tablet&quot;,&quot;mobile&quot;]}\">\n\t\t<div data-particle_enable=\"false\" data-particle-mobile-disabled=\"false\" class=\"elementor-element elementor-element-799c30b e-con-full e-flex e-con e-child\" data-id=\"799c30b\" data-element_type=\"container\">\n\t\t\t\t<div class=\"elementor-element elementor-element-3d8c2c6 elementor-widget elementor-widget-text-editor\" data-id=\"3d8c2c6\" data-element_type=\"widget\" data-widget_type=\"text-editor.default\">\n\t\t\t\t<div class=\"elementor-widget-container\">\n\t\t\t\t\t\t\t\t\t<h2>Donn\u00e9es personnelles :<\/h2><p>L\u2019utilisateur du pr\u00e9sent site (ci-apr\u00e8s d\u00e9nomm\u00e9e \u00ab Utilisateur \u00bb) est inform\u00e9 que, lors de sa navigation sur le site www.gemt.fr (ci-apr\u00e8s d\u00e9nomm\u00e9 \u00ab Site \u00bb), des donn\u00e9es \u00e0 caract\u00e8re personnel le concernant sont collect\u00e9es et trait\u00e9es par www.gemt.fr. Ce traitement a fait l\u2019objet d\u2019une d\u00e9claration aupr\u00e8s de la Commission Nationale Informatique et Libert\u00e9s en application de la loi n\u00b078-17 du 6 janvier 1978 sous le num\u00e9ro [1370740].<\/p><p>L\u2019Utilisateur du Site est inform\u00e9 que ses donn\u00e9es :<br \/>\u2013 sont collect\u00e9es de mani\u00e8re loyale et licite,<br \/>\u2013 sont collect\u00e9es pour des finalit\u00e9s d\u00e9termin\u00e9es,<br \/>\u2013 explicites et l\u00e9gitimes,<br \/>\u2013 ne seront pas trait\u00e9es ult\u00e9rieurement de mani\u00e8re incompatible avec ces finalit\u00e9s,<br \/>\u2013 sont ad\u00e9quates, pertinentes et non excessives au regard des finalit\u00e9s pour lesquelles elles sont collect\u00e9es et de leurs traitements ult\u00e9rieurs,<br \/>\u2013 sont exactes et compl\u00e8tes,<br \/>\u2013 sont conserv\u00e9es sous une forme permettant l\u2019identification des personnes concern\u00e9es pendant une dur\u00e9e qui n\u2019exc\u00e8de pas la dur\u00e9e n\u00e9cessaire aux finalit\u00e9s pour lesquelles elles sont collect\u00e9es et trait\u00e9es.<\/p><p>www.gemt.fr s\u2019engage \u00e0 prendre toutes pr\u00e9cautions utiles pour pr\u00e9server la s\u00e9curit\u00e9 des donn\u00e9es, et notamment pour \u00e9viter qu\u2019elles ne soient d\u00e9form\u00e9es, endommag\u00e9es ou que des tiers non autoris\u00e9s y aient acc\u00e8s. Ces donn\u00e9es sont utilis\u00e9es \u00e0 des fins commerciales internes.<br \/>Les informations recueillies aupr\u00e8s des internautes par le biais des formulaires disponibles sur le site internet www.gemt.fr sont conformes aux dispositions pr\u00e9vues par la loi N. 78-17 du 6 janvier 1978 relative \u00e0 l\u2019informatique, aux fichiers et aux libert\u00e9s.<\/p><p>Le destinataire des donn\u00e9es \u00e0 caract\u00e8re personnel concernant l\u2019Utilisateur est www.gemt.fr. Ces donn\u00e9es ne sont pas destin\u00e9es \u00e0 \u00eatre transmises \u00e0 des tiers.<\/p><h2>Liens pr\u00e9sents sur le site :<\/h2><p>Les liens pr\u00e9sents sur ce site peuvent orienter l\u2019utilisateur sur des sites ext\u00e9rieurs dont le contenu ne peut en aucune mani\u00e8re engager la responsabilit\u00e9 de la r\u00e9daction du site www.gemt.fr.<\/p><h2>Utilisations de cookies :<\/h2><p>L\u2019Utilisateur est inform\u00e9 que www.gemt.fr est susceptible d\u2019implanter un cookie dans son ordinateur. Un cookie ne permet pas d\u2019identifier l\u2019Utilisateur. Cependant, il permet d\u2019enregistrer des informations relatives \u00e0 la navigation de son ordinateur sur le Site, informations qui pourront \u00eatre lues lors de ses prochaines visites. Ces informations sont conserv\u00e9es sur l\u2019ordinateur de l\u2019Utilisateur. Toutefois, l\u2019Utilisateur peut, s\u2019il le souhaite, s\u2019opposer \u00e0 l\u2019enregistrement de cookies sur son ordinateur, en proc\u00e9dant comme suit :<\/p><p>\u2013 Pour Mozilla Firefox : Choisir le menu \u201coutil \u201d puis \u201cOptions\u201d Cliquer sur l\u2019ic\u00f4ne \u201cvie priv\u00e9e\u201d Rep\u00e9rer le menu \u201ccookie\u201d et s\u00e9lectionner les options qui conviennent.<\/p><p>\u2013 Pour Microsoft Internet Explorer 6.0 : choisir le menu \u201cOutils\u201d (ou \u201cTools\u201d), puis \u201cOptions Internet\u201d (ou \u201cInternet Options\u201d). Cliquer sur l\u2019onglet \u201cConfidentialit\u00e9\u201d (ou \u201cConfidentiality\u201d) s\u00e9lectionner le niveau souhait\u00e9 \u00e0 l\u2019aide du curseur.<\/p><p>\u2013 Pour Microsoft Internet Explorer 5 : choisir le menu \u201cOutils\u201d (ou \u201cTools\u201d), puis \u201cOptions Internet\u201d (ou \u201cInternet Options\u201d). Cliquer sur l\u2019onglet \u201cS\u00e9curit\u00e9\u201d ou \u00ab Security \u00bb) S\u00e9lectionner \u00ab Internet \u00bb puis \u00ab Personnaliser le niveau \u00bb (ou \u00ab CustomLevel \u00bb). Rep\u00e9rer la rubrique \u00ab cookies \u00bb et choisir l\u2019option qui convient.<\/p><p>\u2013 Pour Netscape 6.X et 7. X :choisir le menu \u201cEdition\u201d \u2013 \u201cPr\u00e9f\u00e9rences\u201d Confidentialit\u00e9 et S\u00e9curit\u00e9 Cookies.<\/p><p>\u2013 Pour Op\u00e9ra 6.0 et au-del\u00e0 :choisir le menu \u201cFichier\u201d \u2013 \u201cPr\u00e9f\u00e9rences\u201d Vie Priv\u00e9e(Variante 2 : Site Internet avec cookies incluant des informations fournies par l\u2019utilisateur).<\/p><p>L\u2019Utilisateur a le droit de s\u2019opposer \u00e0 ce que des donn\u00e9es \u00e0 caract\u00e8re personnel le concernant fassent l\u2019objet d\u2019un traitement et \u00e0 ce que ces donn\u00e9es soient utilis\u00e9es \u00e0 des fins de prospection, notamment commerciale. L\u2019Utilisateur, apr\u00e8s avoir justifi\u00e9 de son identit\u00e9, peut interroger www.gemt.fr en vue d\u2019obtenir la confirmation que des donn\u00e9es \u00e0 caract\u00e8re personnel le concernant font ou ne font pas l\u2019objet de ce traitement, des informations relatives aux finalit\u00e9s du traitement, aux cat\u00e9gories de donn\u00e9es \u00e0 caract\u00e8re personnel trait\u00e9es et aux destinataires ou aux cat\u00e9gories de destinataires auxquels les donn\u00e9es sont communiqu\u00e9es, la communication des donn\u00e9es \u00e0 caract\u00e8re personnel qui le concernent ainsi que de toute information disponible quant \u00e0 l\u2019origine de celles-ci, les informations permettant de conna\u00eetre et contester la logique qui sous-tend le traitement automatis\u00e9 en cas de d\u00e9cision prise sur le fondement de celui-ci et produisant des effets juridiques \u00e0 son \u00e9gard.<\/p><p>L\u2019Utilisateur peut \u00e9galement, s\u2019il justifie de son identit\u00e9, exiger de www.gemt.fr que soient rectifi\u00e9es, compl\u00e9t\u00e9es, mises \u00e0 jour, verrouill\u00e9es ou effac\u00e9es les donn\u00e9es \u00e0 caract\u00e8re personnel le concernant, qui seraient inexactes, incompl\u00e8tes, \u00e9quivoques, p\u00e9rim\u00e9es, ou dont la collecte, l\u2019utilisation, la communication ou la conservation est interdite. Afin d\u2019exercer ce droit, l\u2019Utilisateur enverra un courrier \u00e0 Cap Visibilit\u00e9 en sa qualit\u00e9 de responsable du traitement, \u00e0 l\u2019adresse suivante : nicolas.hue[@]gemt.fr<\/p><h2>Propri\u00e9t\u00e9 intellectuelle :<\/h2><p>Les \u00e9l\u00e9ments figurant au sein du pr\u00e9sent site, tels que sons, images, photographies, vid\u00e9os, \u00e9crits, animations, programmes, charte graphique, utilitaires, bases de donn\u00e9es, logiciel, sont prot\u00e9g\u00e9s par les dispositions du Code de la propri\u00e9t\u00e9 intellectuelle et appartiennent \u00e0 www.gemt.fr. L\u2019utilisateur s\u2019interdit de porter atteinte aux droits de propri\u00e9t\u00e9 intellectuelle aff\u00e9rents \u00e0 ces \u00e9l\u00e9ments et notamment de les reproduire, repr\u00e9senter, modifier, adapter, traduire, d\u2019en extraire et\/ou r\u00e9utiliser une partie qualitativement ou quantitativement substantielle, \u00e0 l\u2019exclusion des actes n\u00e9cessaires \u00e0 leur usage normal et conforme.<\/p><h2>Cr\u00e9dits photos :<\/h2><p>Sources des photos ou illustrations en ligne : Les droits d\u2019auteurs et droits de propri\u00e9t\u00e9 intellectuelle appartiennent \u00e0 freepik ou \u00e0 ses contributeurs. Ces Oeuvres ont fait l\u2019objet d\u2019un contrat pour le t\u00e9l\u00e9chargement de contenu entre la soci\u00e9t\u00e9 www.gemt.fr et la banque d\u2019images freepik.<\/p><p>Sources :\u00a0<a href=\"http:\/\/www.fr.freepik.com\/\">www.fr.freepik.com<\/a><\/p><p>Sources des photos ou illustrations en ligne : Les droits d\u2019auteurs et droits de propri\u00e9t\u00e9 intellectuelle appartiennent \u00e0 Fotolia ou \u00e0 ses contributeurs. Ces Oeuvres ont fait l\u2019objet d\u2019un contrat pour le t\u00e9l\u00e9chargement de contenu entre la soci\u00e9t\u00e9 www.gemt.fr et la banque d\u2019images Fotolia.<\/p><p>Sources :<\/p><ul><li>unsplash.com<\/li><li>fr.fotolia.com<\/li><li>fr.freepik.com<\/li><li>pixabay.com<\/li><li>pexels.com<\/li><li>flaticon.com<\/li><\/ul><h2>Avertissements :<\/h2><p>www.gemt.fr d\u00e9cline toute responsabilit\u00e9 en cas d\u2019erreur ou d\u2019omission.<\/p><p>Pour signaler une erreur ou demander la rectification d\u2019informations, n\u2019h\u00e9sitez pas \u00e0 contacter le webmestre en remplissant le\u00a0formulaire de contact.<\/p><p>Les informations techniques qui se trouvent sur ce site n\u2019ont qu\u2019une valeur informative et sont susceptibles d\u2019\u00e9voluer en fonction des modifications l\u00e9gislatives et r\u00e9glementaires.<\/p><p>www.gemt.fr ne peut \u00eatre tenu responsable de l\u2019interpr\u00e9tation que vous pourriez faire des informations ou renseignements contenues dans ce site.<\/p><p>Il appartient \u00e0 l\u2019utilisateur de ce site de prendre toutes les mesures appropri\u00e9es de fa\u00e7on \u00e0 prot\u00e9ger ses propres donn\u00e9es et\/ou logiciels de la contamination par d\u2019\u00e9ventuels virus circulant sur le r\u00e9seau Internet. www.gemt.fr d\u00e9cline toute responsabilit\u00e9 d\u2019un \u00e9ventuel dommage survenu pendant la consultation du pr\u00e9sent site.<\/p>\t\t\t\t\t\t\t\t<\/div>\n\t\t\t\t<\/div>\n\t\t\t\t<\/div>\n\t\t\t\t<\/div>\n\t\t\t\t<\/div>\n\t\t","protected":false},"excerpt":{"rendered":"<p>Mentions l\u00e9gales \u00c9diteur de site Si\u00e8ge social : 8 Rue du Petit Fief, 91700 Sainte-Genevi\u00e8ve-des-Bois T\u00e9l\u00e9phone : 09 86 34 60 61 Mail : nicolas.hue[@]gemt.fr Directeur de la publication :\u00a0Nicolas Hue Responsable de la r\u00e9daction : Nicolas Hue H\u00e9bergeur : Planet Hoster Webmestre : Nicolas Hue Cr\u00e9ation de site internet :\u00a0Cap Visibilit\u00e9 Donn\u00e9es personnelles : &#8230; <a title=\"Mentions l\u00e9gales\" class=\"read-more\" href=\"https:\/\/agence-webmarketing.eu\/gemt\/mentions-legales\/\" aria-label=\"En savoir plus sur Mentions l\u00e9gales\">Lire la suite<\/a><\/p>\n","protected":false},"author":2,"featured_media":0,"parent":0,"menu_order":0,"comment_status":"closed","ping_status":"closed","template":"elementor_header_footer","meta":{"footnotes":""},"class_list":["post-664","page","type-page","status-publish"],"_links":{"self":[{"href":"https:\/\/agence-webmarketing.eu\/gemt\/wp-json\/wp\/v2\/pages\/664","targetHints":{"allow":["GET"]}}],"collection":[{"href":"https:\/\/agence-webmarketing.eu\/gemt\/wp-json\/wp\/v2\/pages"}],"about":[{"href":"https:\/\/agence-webmarketing.eu\/gemt\/wp-json\/wp\/v2\/types\/page"}],"author":[{"embeddable":true,"href":"https:\/\/agence-webmarketing.eu\/gemt\/wp-json\/wp\/v2\/users\/2"}],"replies":[{"embeddable":true,"href":"https:\/\/agence-webmarketing.eu\/gemt\/wp-json\/wp\/v2\/comments?post=664"}],"version-history":[{"count":0,"href":"https:\/\/agence-webmarketing.eu\/gemt\/wp-json\/wp\/v2\/pages\/664\/revisions"}],"wp:attachment":[{"href":"https:\/\/agence-webmarketing.eu\/gemt\/wp-json\/wp\/v2\/media?parent=664"}],"curies":[{"name":"wp","href":"https:\/\/api.w.org\/{rel}","templated":true}]}}