{"id":739,"date":"2025-07-10T13:13:34","date_gmt":"2025-07-10T11:13:34","guid":{"rendered":"https:\/\/agence-webmarketing.eu\/gemt\/?page_id=739"},"modified":"2026-02-16T12:28:35","modified_gmt":"2026-02-16T11:28:35","slug":"politique-de-confidentialite","status":"publish","type":"page","link":"https:\/\/agence-webmarketing.eu\/gemt\/politique-de-confidentialite\/","title":{"rendered":"Politique de confidentialit\u00e9"},"content":{"rendered":"\t\t<div data-elementor-type=\"wp-page\" data-elementor-id=\"739\" class=\"elementor elementor-739\" data-elementor-post-type=\"page\">\n\t\t\t\t<div data-particle_enable=\"false\" data-particle-mobile-disabled=\"false\" class=\"elementor-element elementor-element-39b25ce e-con-full e-flex e-con e-parent\" data-id=\"39b25ce\" data-element_type=\"container\" data-settings=\"{&quot;background_background&quot;:&quot;gradient&quot;,&quot;shape_divider_bottom&quot;:&quot;triangle-asymmetrical&quot;}\">\n\t\t\t\t<div class=\"elementor-shape elementor-shape-bottom\" aria-hidden=\"true\" data-negative=\"false\">\n\t\t\t<svg xmlns=\"http:\/\/www.w3.org\/2000\/svg\" viewBox=\"0 0 1000 100\" preserveAspectRatio=\"none\">\n\t<path class=\"elementor-shape-fill\" d=\"M738,99l262-93V0H0v5.6L738,99z\"\/>\n<\/svg>\t\t<\/div>\n\t\t<div data-particle_enable=\"false\" data-particle-mobile-disabled=\"false\" class=\"elementor-element elementor-element-473d4b4 e-con-full e-flex e-con e-child\" data-id=\"473d4b4\" data-element_type=\"container\">\n\t\t\t\t<div class=\"elementor-element elementor-element-6b5bf02 elementor-widget elementor-widget-heading\" data-id=\"6b5bf02\" data-element_type=\"widget\" data-widget_type=\"heading.default\">\n\t\t\t\t<div class=\"elementor-widget-container\">\n\t\t\t\t\t<h2 class=\"elementor-heading-title elementor-size-default\">Politique de confidentialit\u00e9<\/h2>\t\t\t\t<\/div>\n\t\t\t\t<\/div>\n\t\t\t\t<\/div>\n\t\t<div data-particle_enable=\"false\" data-particle-mobile-disabled=\"false\" class=\"elementor-element elementor-element-458ac8d e-con-full e-flex e-con e-child\" data-id=\"458ac8d\" data-element_type=\"container\">\n\t\t\t\t<\/div>\n\t\t\t\t<\/div>\n\t\t<div data-particle_enable=\"false\" data-particle-mobile-disabled=\"false\" class=\"elementor-element elementor-element-eb4f90b e-con-full e-flex e-con e-parent\" data-id=\"eb4f90b\" data-element_type=\"container\" data-settings=\"{&quot;background_motion_fx_devices&quot;:[&quot;desktop&quot;,&quot;tablet&quot;,&quot;mobile&quot;]}\">\n\t\t<div data-particle_enable=\"false\" data-particle-mobile-disabled=\"false\" class=\"elementor-element elementor-element-75442ed e-con-full e-flex e-con e-child\" data-id=\"75442ed\" data-element_type=\"container\">\n\t\t\t\t<div class=\"elementor-element elementor-element-5f07db8 elementor-widget elementor-widget-text-editor\" data-id=\"5f07db8\" data-element_type=\"widget\" data-widget_type=\"text-editor.default\">\n\t\t\t\t<div class=\"elementor-widget-container\">\n\t\t\t\t\t\t\t\t\t<p>BATECH IEC situ\u00e9 au 8 rue du Petit Fief, 91700 Sainte-Genevi\u00e8ve-des-Bois s\u2019engage \u00e0 prot\u00e9ger les Donn\u00e9es \u00e0 Caract\u00e8re Personnel des Utilisateurs. Le Siret est 83411255900010<\/p><p>GEMT est une marque commerciale de BATECH IEC<\/p><p>En acc\u00e9dant au site GEMT, les Utilisateurs s\u2019engagent \u00e0 respecter et \u00e0 \u00eatre li\u00e9s par cette Politique de Confidentialit\u00e9, qui peut \u00eatre modifi\u00e9e ou mise \u00e0 jour \u00e0 tout moment sans pr\u00e9avis. Toute modification ou mise \u00e0 jour seront mises en ligne sur le Site.<\/p><p>L\u2019adresse de notre site Web est : <strong>https:\/\/www.gemt.fr\/<\/strong><\/p><h2>Utilisation des donn\u00e9es personnelles collect\u00e9es<\/h2><h3>Commentaires<\/h3><p>Quand vous laissez un commentaire sur notre site web, les donn\u00e9es inscrites dans le formulaire de commentaire, mais aussi votre adresse IP et l\u2019agent utilisateur de votre navigateur sont collect\u00e9s pour nous aider \u00e0 la d\u00e9tection des commentaires ind\u00e9sirables.<\/p><p>Une cha\u00eene anonymis\u00e9e cr\u00e9\u00e9e \u00e0 partir de votre adresse de messagerie (\u00e9galement appel\u00e9e hash) peut \u00eatre envoy\u00e9e au service Gravatar pour v\u00e9rifier si vous utilisez ce dernier. Les clauses de confidentialit\u00e9 du service Gravatar sont disponibles ici : https:\/\/automattic.com\/privacy\/. Apr\u00e8s validation de votre commentaire, votre photo de profil sera visible publiquement \u00e0 cot\u00e9 de votre commentaire.<\/p><h3>M\u00e9dias<\/h3><p>Si vous \u00eates un utilisateur ou une utilisatrice enregistr\u00e9(e) et que vous t\u00e9l\u00e9versez des images sur le site web, nous vous conseillons d\u2019\u00e9viter de t\u00e9l\u00e9verser des images contenant des donn\u00e9es EXIF de coordonn\u00e9es GPS. Les visiteurs de votre site web peuvent t\u00e9l\u00e9charger et extraire des donn\u00e9es de localisation depuis ces images.<\/p><h3>Formulaires de contact<\/h3><p>Les informations recueillies sur ce formulaire sont enregistr\u00e9es dans un fichier informatis\u00e9 par GEMT pour Gestion de notre client\u00e8le, Envoi d\u2019informations par le biais de newsletters.<\/p><p>Elles sont conserv\u00e9es pendant 3 ans et sont destin\u00e9es au service marketing et au service commercial de l\u2019entreprise et de ses partenaires le cas \u00e9ch\u00e9ant.<\/p><p>Conform\u00e9ment \u00e0 la loi \u00ab informatique et libert\u00e9s \u00bb, vous pouvez exercer votre droit d\u2019acc\u00e8s aux donn\u00e9es vous concernant et les faire rectifier en contactant le responsable de traitement par mail \u00e0 l\u2019adresse suivante : nicolas.hue[arobase]gemt.fr<\/p><p>Nous vous informons de l\u2019existence de la liste d\u2019opposition au d\u00e9marchage t\u00e9l\u00e9phonique \u00ab Bloctel \u00bb, sur laquelle vous pouvez vous inscrire ici : https:\/\/conso.bloctel.fr\/<\/p><h2>Cookies<\/h2><p>Si vous d\u00e9posez un commentaire sur notre site, il vous sera propos\u00e9 d\u2019enregistrer votre nom, adresse de messagerie et site web dans des cookies. C\u2019est uniquement pour votre confort afin de ne pas avoir \u00e0 saisir ces informations si vous d\u00e9posez un autre commentaire plus tard. Ces cookies expirent au bout d\u2019un an.<\/p><p>Si vous avez un compte et que vous vous connectez sur ce site, un cookie temporaire sera cr\u00e9\u00e9 afin de d\u00e9terminer si votre navigateur accepte les cookies. Il ne contient pas de donn\u00e9es personnelles et sera supprim\u00e9 automatiquement \u00e0 la fermeture de votre navigateur.<\/p><p>Lorsque vous vous connecterez, nous mettrons en place un certain nombre de cookies pour enregistrer vos informations de connexion et vos pr\u00e9f\u00e9rences d\u2019\u00e9cran. La dur\u00e9e de vie d\u2019un cookie de connexion est de deux jours, celle d\u2019un cookie d\u2019option d\u2019\u00e9cran est d\u2019un an. Si vous cochez \u00ab Se souvenir de moi \u00bb, votre cookie de connexion sera conserv\u00e9 pendant deux semaines. Si vous vous d\u00e9connectez de votre compte, le cookie de connexion sera effac\u00e9.<\/p><p>En modifiant ou en publiant un article, un cookie suppl\u00e9mentaire sera enregistr\u00e9 dans votre navigateur. Ce cookie ne comprend aucune donn\u00e9e personnelle. Il indique simplement l\u2019identifiant de l\u2019article que vous venez de modifier. Il expire au bout d\u2019un jour.<\/p><h3>Type de cookies utilis\u00e9s<\/h3><h4>Cookies n\u00e9cessaires \u00e0 la navigation<\/h4><p>Les cookies n\u00e9cessaires contribuent \u00e0 rendre un site Web utilisable en activant des fonctions de base comme la navigation de page et l\u2019acc\u00e8s aux zones s\u00e9curis\u00e9es du site Web. Le site Web ne peut pas fonctionner correctement sans ces cookies.<\/p><h4>Cookies de pr\u00e9f\u00e9rences<\/h4><p>Les cookies de pr\u00e9f\u00e9rences permettent \u00e0 un site Web de retenir des informations qui modifient la mani\u00e8re dont le site se comporte ou s\u2019affiche, comme votre langue pr\u00e9f\u00e9r\u00e9e ou la r\u00e9gion dans laquelle vous vous situez.<\/p><h4>Cookies statistiques<\/h4><p>Les cookies statistiques aident les propri\u00e9taires du site Web, par la collecte et la communication d\u2019informations de mani\u00e8re anonyme, \u00e0 comprendre comment les visiteurs interagissent avec les sites Web.<\/p><h4>Cookies marketing<\/h4><p>Les cookies marketing sont utilis\u00e9s pour effectuer le suivi des visiteurs au travers des sites Web. Le but est d\u2019afficher des publicit\u00e9s qui sont pertinentes et int\u00e9ressantes pour l\u2019utilisateur individuel et donc plus pr\u00e9cieuses pour les \u00e9diteurs et annonceurs tiers.<\/p><h3>Comment param\u00e9trer les cookies<\/h3><p>Vous \u00eates inform\u00e9 que le param\u00e9trage est susceptible de modifier vos conditions d\u2019acc\u00e8s \u00e0 nos contenus et d\u2019utilisation de services qui demandent l\u2019utilisation de cookies. Ainsi, si vous param\u00e9trez votre navigateur pour refuser l\u2019ensemble des cookies, vous ne pourrez pas profiter d\u2019une partie de nos services. Il est donc conseill\u00e9 de param\u00e9trer votre navigateur en tenant compte de la finalit\u00e9 des cookies.<\/p><p>Votre opposition \u00e0 l\u2019installation ou \u00e0 l\u2019utilisation d\u2019un cookie sera prise en compte par l\u2019installation d\u2019un cookie de refus sur votre terminal. Vous devrez donc pr\u00eater attention \u00e0 pas supprimer ce cookie de refus si vous souhaitez que votre choix soit pris en compte.<\/p><p>Param\u00e9trer votre navigateur<\/p><p>Vous utilisez le navigateur Internet Explorer.<br \/>Vous utilisez le navigateur Firefox.<br \/>Vous utilisez le navigateur Safari.<br \/>Vous utilisez le navigateur Google Chrome.<\/p><h3>Contenu embarqu\u00e9 depuis d\u2019autres sites<\/h3><p>Les articles de ce site peuvent inclure des contenus int\u00e9gr\u00e9s (par exemple des vid\u00e9os, images, articles\u2026). Le contenu int\u00e9gr\u00e9 depuis d\u2019autres sites se comporte de la m\u00eame mani\u00e8re que si le visiteur se rendait sur cet autre site.<\/p><p>Ces sites web pourraient collecter des donn\u00e9es sur vous, utiliser des cookies, embarquer des outils de suivis tiers, suivre vos interactions avec ces contenus embarqu\u00e9s si vous disposez d\u2019un compte connect\u00e9 sur leur site web.<\/p><h3>Statistiques et mesure d\u2019audience<\/h3><p>Afin de pouvoir suivre l\u2019audience de son site, GEMT utilise Google Analytics. Pour en savoir plus les principes de confidentialit\u00e9 et de s\u00e9curit\u00e9 de Google Analytics, nous vous invitons \u00e0 consulter la page suivante :<\/p><p>https:\/\/marketingplatform.google.com\/about\/?hl=fr<\/p><h2>Utilisation et transmission de vos donn\u00e9es personnelles collect\u00e9es<\/h2><p>Par d\u00e9faut, nous ne partageons vos donn\u00e9es personnelles avec aucun tiers.<\/p><h4>Dur\u00e9es de stockage de vos donn\u00e9es<\/h4><p>Si vous laissez un commentaire, le commentaire et ses m\u00e9tadonn\u00e9es sont conserv\u00e9s ind\u00e9finiment. Cela permet de reconna\u00eetre et approuver automatiquement les commentaires suivants au lieu de les laisser dans la file de mod\u00e9ration.<\/p><p>Pour les utilisateurs et utilisatrices qui s\u2019enregistrent sur notre site, nous stockons \u00e9galement les donn\u00e9es personnelles indiqu\u00e9es dans leur profil. Tous les utilisateurs et utilisatrices peuvent voir, modifier ou supprimer leurs informations personnelles \u00e0 tout moment (\u00e0 l\u2019exception de leur nom d\u2019utilisateur\u00b7ice). Les gestionnaires du site peuvent aussi voir et modifier ces informations.<\/p><h4>Les droits que vous avez sur vos donn\u00e9es<\/h4><p>Si vous avez un compte ou si vous avez laiss\u00e9 des commentaires sur le site, vous pouvez demander \u00e0 recevoir un fichier contenant toutes les donn\u00e9es personnelles que nous poss\u00e9dons \u00e0 votre sujet, incluant celles que vous nous avez fournies. Vous pouvez \u00e9galement demander la suppression des donn\u00e9es personnelles vous concernant. Cela ne prend pas en compte les donn\u00e9es stock\u00e9es \u00e0 des fins administratives, l\u00e9gales ou pour des raisons de s\u00e9curit\u00e9.<\/p><h4>Transmission de vos donn\u00e9es personnelles<\/h4><p>Les commentaires des visiteurs peuvent \u00eatre v\u00e9rifi\u00e9s \u00e0 l\u2019aide d\u2019un service automatis\u00e9 de d\u00e9tection des commentaires ind\u00e9sirables.<\/p><h2>Informations de contact<\/h2><p>Vous pouvez demander la modification de vos donn\u00e9es personnelles en nous envoyant un mail \u00e0 l\u2019adresse suivante : nicolas.hue[arobase]gemt.fr<\/p><h2>Informations suppl\u00e9mentaires<\/h2><h3>Les droits que vous avez sur vos donn\u00e9es<\/h3><p>Si vous avez un compte ou si vous avez laiss\u00e9 des commentaires sur le site, vous pouvez demander \u00e0 recevoir un fichier contenant toutes les donn\u00e9es personnelles que nous poss\u00e9dons \u00e0 votre sujet, incluant celles que vous nous avez fournies. Vous pouvez \u00e9galement demander la suppression des donn\u00e9es personnelles vous concernant. Cela ne prend pas en compte les donn\u00e9es stock\u00e9es \u00e0 des fins administratives, l\u00e9gales ou pour des raisons de s\u00e9curit\u00e9.<\/p><h3>Comment nous prot\u00e9geons vos donn\u00e9es<\/h3><p>Vos donn\u00e9es sont stock\u00e9es en base de donn\u00e9es et accessibles uniquement par le personnel habilit\u00e9. Des login et mots de passe crypt\u00e9s personnels sont utilis\u00e9s \u00e0 ces fins.<\/p><h3>Proc\u00e9dures mises en oeuvre en cas de fuite de donn\u00e9es<\/h3><p>En cas de fuite de donn\u00e9es, nous nous conformerons scrupuleusement \u00e0 la proc\u00e9dure pr\u00e9vue par le r\u00e8glement g\u00e9n\u00e9ral sur la protection des donn\u00e9es (article 33).<\/p><h3>Les services tiers qui nous transmettent des donn\u00e9es<\/h3><p>Le service Google Analytics nous transmet un certain nombre de donn\u00e9es statistiques concernant les visiteurs de notre site www.gemt.fr. Ces donn\u00e9es sont conserv\u00e9es chez Google pendant 26 mois.<\/p><p>Pour en savoir plus les principes de confidentialit\u00e9 et de s\u00e9curit\u00e9 de Google Analytics, nous vous invitons \u00e0 consulter la page suivante : https:\/\/www.google.com\/analytics\/learn\/privacy.html?hl=fr<\/p><p>Vous avez la possibilit\u00e9 de d\u00e9sactiver ce tracking en t\u00e9l\u00e9chargeant ce module.<\/p><h3>Op\u00e9rations de marketing automatis\u00e9 et\/ou de profilage r\u00e9alis\u00e9es \u00e0 l\u2019aide des donn\u00e9es personnelles<\/h3><p>Dans le cas d\u2019un commentaire laiss\u00e9 ou d\u2019un formulaire de contact soumis sur un des articles de notre blog, vos coordonn\u00e9es seront utilis\u00e9es par nos \u00e9quipes marketing pour vous prendre contact avec vous le cas \u00e9ch\u00e9ant.<\/p><h3>Affichage des informations li\u00e9es aux secteurs soumis \u00e0 des r\u00e9gulations sp\u00e9cifiques<\/h3><p>N\u00e9ant<\/p><p>Derni\u00e8re mise \u00e0 jour le 10\/07\/2025<\/p>\t\t\t\t\t\t\t\t<\/div>\n\t\t\t\t<\/div>\n\t\t\t\t<\/div>\n\t\t\t\t<\/div>\n\t\t\t\t<\/div>\n\t\t","protected":false},"excerpt":{"rendered":"<p>Politique de confidentialit\u00e9 BATECH IEC situ\u00e9 au 8 rue du Petit Fief, 91700 Sainte-Genevi\u00e8ve-des-Bois s\u2019engage \u00e0 prot\u00e9ger les Donn\u00e9es \u00e0 Caract\u00e8re Personnel des Utilisateurs. Le Siret est 83411255900010 GEMT est une marque commerciale de BATECH IEC En acc\u00e9dant au site GEMT, les Utilisateurs s\u2019engagent \u00e0 respecter et \u00e0 \u00eatre li\u00e9s par cette Politique de Confidentialit\u00e9, &#8230; <a title=\"Politique de confidentialit\u00e9\" class=\"read-more\" href=\"https:\/\/agence-webmarketing.eu\/gemt\/politique-de-confidentialite\/\" aria-label=\"En savoir plus sur Politique de confidentialit\u00e9\">Lire la suite<\/a><\/p>\n","protected":false},"author":2,"featured_media":0,"parent":0,"menu_order":0,"comment_status":"closed","ping_status":"closed","template":"elementor_header_footer","meta":{"footnotes":""},"class_list":["post-739","page","type-page","status-publish"],"_links":{"self":[{"href":"https:\/\/agence-webmarketing.eu\/gemt\/wp-json\/wp\/v2\/pages\/739","targetHints":{"allow":["GET"]}}],"collection":[{"href":"https:\/\/agence-webmarketing.eu\/gemt\/wp-json\/wp\/v2\/pages"}],"about":[{"href":"https:\/\/agence-webmarketing.eu\/gemt\/wp-json\/wp\/v2\/types\/page"}],"author":[{"embeddable":true,"href":"https:\/\/agence-webmarketing.eu\/gemt\/wp-json\/wp\/v2\/users\/2"}],"replies":[{"embeddable":true,"href":"https:\/\/agence-webmarketing.eu\/gemt\/wp-json\/wp\/v2\/comments?post=739"}],"version-history":[{"count":0,"href":"https:\/\/agence-webmarketing.eu\/gemt\/wp-json\/wp\/v2\/pages\/739\/revisions"}],"wp:attachment":[{"href":"https:\/\/agence-webmarketing.eu\/gemt\/wp-json\/wp\/v2\/media?parent=739"}],"curies":[{"name":"wp","href":"https:\/\/api.w.org\/{rel}","templated":true}]}}