{"id":24,"date":"2026-02-24T17:27:44","date_gmt":"2026-02-24T16:27:44","guid":{"rendered":"https:\/\/agence-webmarketing.eu\/stio\/?page_id=24"},"modified":"2026-03-13T12:38:40","modified_gmt":"2026-03-13T11:38:40","slug":"mentions-legales","status":"publish","type":"page","link":"https:\/\/agence-webmarketing.eu\/stio\/mentions-legales\/","title":{"rendered":"Mentions l\u00e9gales"},"content":{"rendered":"\t\t<div data-elementor-type=\"wp-page\" data-elementor-id=\"24\" class=\"elementor elementor-24\" data-elementor-post-type=\"page\">\n\t\t\t\t<div data-particle_enable=\"false\" data-particle-mobile-disabled=\"false\" class=\"elementor-element elementor-element-2e66858 e-con-full e-flex elementor-invisible e-con e-parent\" data-id=\"2e66858\" data-element_type=\"container\" data-e-type=\"container\" data-settings=\"{&quot;animation&quot;:&quot;fadeIn&quot;}\">\n\t\t<div data-particle_enable=\"false\" data-particle-mobile-disabled=\"false\" class=\"elementor-element elementor-element-a4b2ddc e-con-full e-flex e-con e-child\" data-id=\"a4b2ddc\" data-element_type=\"container\" data-e-type=\"container\">\n\t\t<div data-particle_enable=\"false\" data-particle-mobile-disabled=\"false\" class=\"elementor-element elementor-element-7d8e0e1 e-con-full e-flex e-con e-child\" data-id=\"7d8e0e1\" data-element_type=\"container\" data-e-type=\"container\">\n\t\t\t\t<div class=\"elementor-element elementor-element-6448f9c elementor-widget elementor-widget-heading\" data-id=\"6448f9c\" data-element_type=\"widget\" data-e-type=\"widget\" data-widget_type=\"heading.default\">\n\t\t\t\t\t<h1 class=\"elementor-heading-title elementor-size-default\">Mentions l\u00e9gales<\/h1>\t\t\t\t<\/div>\n\t\t\t\t<\/div>\n\t\t\t\t<\/div>\n\t\t<div data-particle_enable=\"false\" data-particle-mobile-disabled=\"false\" class=\"elementor-element elementor-element-4497e0a e-con-full e-flex e-con e-child\" data-id=\"4497e0a\" data-element_type=\"container\" data-e-type=\"container\">\n\t\t<div data-particle_enable=\"false\" data-particle-mobile-disabled=\"false\" class=\"elementor-element elementor-element-336f4b4 e-con-full e-flex e-con e-child\" data-id=\"336f4b4\" data-element_type=\"container\" data-e-type=\"container\" data-settings=\"{&quot;background_background&quot;:&quot;classic&quot;}\">\n\t\t\t\t<div class=\"elementor-element elementor-element-0e9c987 elementor-widget elementor-widget-heading\" data-id=\"0e9c987\" data-element_type=\"widget\" data-e-type=\"widget\" data-widget_type=\"heading.default\">\n\t\t\t\t\t<h2 class=\"elementor-heading-title elementor-size-default\">L'\u00e9diteur de site<\/h2>\t\t\t\t<\/div>\n\t\t<div data-particle_enable=\"false\" data-particle-mobile-disabled=\"false\" class=\"elementor-element elementor-element-684a717 e-con-full e-flex e-con e-child\" data-id=\"684a717\" data-element_type=\"container\" data-e-type=\"container\">\n\t\t\t\t<div class=\"elementor-element elementor-element-551b973 elementor-widget__width-initial elementor-widget elementor-widget-text-editor\" data-id=\"551b973\" data-element_type=\"widget\" data-e-type=\"widget\" data-widget_type=\"text-editor.default\">\n\t\t\t\t\t\t\t\t\t<p><strong>Si\u00e8ge social :<\/strong> Parc Charles Renard, <br \/>Boulevard Georges-Marie Guynemer, B\u00e2timent D4, <br \/>78210 SAINT CYR L\u2019ECOLE<\/p><p><strong>Mail :<\/strong> <a href=\"mailto:sales@stio-group.com\">sales@stio-group.com<\/a><\/p><p><strong>Directeur de la publication : <\/strong>R\u00e9mi Perrot<\/p><p><strong>Responsable de la r\u00e9daction : <\/strong>R\u00e9mi Perrot<\/p>\t\t\t\t\t\t\t\t<\/div>\n\t\t\t\t<div class=\"elementor-element elementor-element-6dc328f elementor-widget__width-initial elementor-widget elementor-widget-text-editor\" data-id=\"6dc328f\" data-element_type=\"widget\" data-e-type=\"widget\" data-widget_type=\"text-editor.default\">\n\t\t\t\t\t\t\t\t\t<p><strong>H\u00e9bergeur<\/strong> : OVH, 2 rue Kellermann \u2013 59100 Roubaix, 03 59 36 00 41<\/p><p><strong>Webmestre<\/strong> : R\u00e9mi Perrot<\/p><p><strong>Cr\u00e9ation de site internet :<\/strong> <a href=\"http:\/\/www.cap-visibilite.fr\/\" target=\"_blank\" rel=\"nofollow noopener\">Cap Visibilit\u00e9<\/a><\/p>\t\t\t\t\t\t\t\t<\/div>\n\t\t\t\t<\/div>\n\t\t\t\t<\/div>\n\t\t<div data-particle_enable=\"false\" data-particle-mobile-disabled=\"false\" class=\"elementor-element elementor-element-ccdc506 e-con-full e-flex e-con e-child\" data-id=\"ccdc506\" data-element_type=\"container\" data-e-type=\"container\">\n\t\t\t\t<div class=\"elementor-element elementor-element-c531991 elementor-widget__width-initial elementor-widget-tablet__width-inherit elementor-widget elementor-widget-text-editor\" data-id=\"c531991\" data-element_type=\"widget\" data-e-type=\"widget\" data-widget_type=\"text-editor.default\">\n\t\t\t\t\t\t\t\t\t<h2>Donn\u00e9es personnelles :<\/h2><p>L\u2019utilisateur du pr\u00e9sent site (ci-apr\u00e8s d\u00e9nomm\u00e9e \u00ab Utilisateur \u00bb) est inform\u00e9 que, lors de sa navigation sur le site ww.stio-group.com (ci-apr\u00e8s d\u00e9nomm\u00e9 \u00ab Site \u00bb), des donn\u00e9es \u00e0 caract\u00e8re personnel le concernant sont collect\u00e9es et trait\u00e9es par STIO. Ce traitement a fait l\u2019objet d\u2019une d\u00e9claration aupr\u00e8s de la Commission Nationale Informatique et Libert\u00e9s en application de la loi n\u00b078-17 du 6 janvier 1978 sous le num\u00e9ro [1370740].<\/p><p>L\u2019Utilisateur du Site est inform\u00e9 que ses donn\u00e9es :<br \/>\u2013 sont collect\u00e9es de mani\u00e8re loyale et licite,<br \/>\u2013 sont collect\u00e9es pour des finalit\u00e9s d\u00e9termin\u00e9es,<br \/>\u2013 explicites et l\u00e9gitimes,<br \/>\u2013 ne seront pas trait\u00e9es ult\u00e9rieurement de mani\u00e8re incompatible avec ces finalit\u00e9s,<br \/>\u2013 sont ad\u00e9quates, pertinentes et non excessives au regard des finalit\u00e9s pour lesquelles elles sont collect\u00e9es et de leurs traitements ult\u00e9rieurs,<br \/>\u2013 sont exactes et compl\u00e8tes,<br \/>\u2013 sont conserv\u00e9es sous une forme permettant l\u2019identification des personnes concern\u00e9es pendant une dur\u00e9e qui n\u2019exc\u00e8de pas la dur\u00e9e n\u00e9cessaire aux finalit\u00e9s pour lesquelles elles sont collect\u00e9es et trait\u00e9es.<\/p><p>STIO s\u2019engage \u00e0 prendre toutes pr\u00e9cautions utiles pour pr\u00e9server la s\u00e9curit\u00e9 des donn\u00e9es, et notamment pour \u00e9viter qu\u2019elles ne soient d\u00e9form\u00e9es, endommag\u00e9es ou que des tiers non autoris\u00e9s y aient acc\u00e8s. Ces donn\u00e9es sont utilis\u00e9es \u00e0 des fins commerciales internes.<br \/>Les informations recueillies aupr\u00e8s des internautes par le biais des formulaires disponibles sur le site internet www.monsite.fr sont conformes aux dispositions pr\u00e9vues par la loi N. 78-17 du 6 janvier 1978 relative \u00e0 l\u2019informatique, aux fichiers et aux libert\u00e9s.<\/p><p>Le destinataire des donn\u00e9es \u00e0 caract\u00e8re personnel concernant l\u2019Utilisateur est STIO. Ces donn\u00e9es ne sont pas destin\u00e9es \u00e0 \u00eatre transmises \u00e0 des tiers.<\/p><h2>Liens pr\u00e9sents sur le site :<\/h2><p>Les liens pr\u00e9sents sur ce site peuvent orienter l\u2019utilisateur sur des sites ext\u00e9rieurs dont le contenu ne peut en aucune mani\u00e8re engager la responsabilit\u00e9 de la r\u00e9daction du site STIO.<\/p><h2>Utilisations de cookies :<\/h2><p>L\u2019Utilisateur est inform\u00e9 que STIO est susceptible d\u2019implanter un cookie dans son ordinateur. Un cookie ne permet pas d\u2019identifier l\u2019Utilisateur. Cependant, il permet d\u2019enregistrer des informations relatives \u00e0 la navigation de son ordinateur sur le Site, informations qui pourront \u00eatre lues lors de ses prochaines visites. Ces informations sont conserv\u00e9es sur l\u2019ordinateur de l\u2019Utilisateur. Toutefois, l\u2019Utilisateur peut, s\u2019il le souhaite, s\u2019opposer \u00e0 l\u2019enregistrement de cookies sur son ordinateur, en proc\u00e9dant comme suit :<\/p><p>\u2013 Pour Mozilla Firefox : Choisir le menu \u201coutil \u201d puis \u201cOptions\u201d Cliquer sur l\u2019ic\u00f4ne \u201cvie priv\u00e9e\u201d Rep\u00e9rer le menu \u201ccookie\u201d et s\u00e9lectionner les options qui conviennent.<\/p><p>\u2013 Pour Microsoft Internet Explorer 6.0 : choisir le menu \u201cOutils\u201d (ou \u201cTools\u201d), puis \u201cOptions Internet\u201d (ou \u201cInternet Options\u201d). Cliquer sur l\u2019onglet \u201cConfidentialit\u00e9\u201d (ou \u201cConfidentiality\u201d) s\u00e9lectionner le niveau souhait\u00e9 \u00e0 l\u2019aide du curseur.<\/p><p>\u2013 Pour Microsoft Internet Explorer 5 : choisir le menu \u201cOutils\u201d (ou \u201cTools\u201d), puis \u201cOptions Internet\u201d (ou \u201cInternet Options\u201d). Cliquer sur l\u2019onglet \u201cS\u00e9curit\u00e9\u201d ou \u00ab Security \u00bb) S\u00e9lectionner \u00ab Internet \u00bb puis \u00ab Personnaliser le niveau \u00bb (ou \u00ab CustomLevel \u00bb). Rep\u00e9rer la rubrique \u00ab cookies \u00bb et choisir l\u2019option qui convient.<\/p><p>\u2013 Pour Netscape 6.X et 7. X :choisir le menu \u201cEdition\u201d \u2013 \u201cPr\u00e9f\u00e9rences\u201d Confidentialit\u00e9 et S\u00e9curit\u00e9 Cookies.<\/p><p>\u2013 Pour Op\u00e9ra 6.0 et au-del\u00e0 :choisir le menu \u201cFichier\u201d \u2013 \u201cPr\u00e9f\u00e9rences\u201d Vie Priv\u00e9e(Variante 2 : Site Internet avec cookies incluant des informations fournies par l\u2019utilisateur).<\/p><p>L\u2019Utilisateur a le droit de s\u2019opposer \u00e0 ce que des donn\u00e9es \u00e0 caract\u00e8re personnel le concernant fassent l\u2019objet d\u2019un traitement et \u00e0 ce que ces donn\u00e9es soient utilis\u00e9es \u00e0 des fins de prospection, notamment commerciale. L\u2019Utilisateur, apr\u00e8s avoir justifi\u00e9 de son identit\u00e9, peut interroger STIO en vue d\u2019obtenir la confirmation que des donn\u00e9es \u00e0 caract\u00e8re personnel le concernant font ou ne font pas l\u2019objet de ce traitement, des informations relatives aux finalit\u00e9s du traitement, aux cat\u00e9gories de donn\u00e9es \u00e0 caract\u00e8re personnel trait\u00e9es et aux destinataires ou aux cat\u00e9gories de destinataires auxquels les donn\u00e9es sont communiqu\u00e9es, la communication des donn\u00e9es \u00e0 caract\u00e8re personnel qui le concernent ainsi que de toute information disponible quant \u00e0 l\u2019origine de celles-ci, les informations permettant de conna\u00eetre et contester la logique qui sous-tend le traitement automatis\u00e9 en cas de d\u00e9cision prise sur le fondement de celui-ci et produisant des effets juridiques \u00e0 son \u00e9gard.<\/p><p>L\u2019Utilisateur peut \u00e9galement, s\u2019il justifie de son identit\u00e9, exiger de STIO que soient rectifi\u00e9es, compl\u00e9t\u00e9es, mises \u00e0 jour, verrouill\u00e9es ou effac\u00e9es les donn\u00e9es \u00e0 caract\u00e8re personnel le concernant, qui seraient inexactes, incompl\u00e8tes, \u00e9quivoques, p\u00e9rim\u00e9es, ou dont la collecte, l\u2019utilisation, la communication ou la conservation est interdite. Afin d\u2019exercer ce droit, l\u2019Utilisateur enverra un courrier \u00e0 cap visibilit\u00e9 en sa qualit\u00e9 de responsable du traitement, \u00e0 l\u2019adresse suivante : sales@stio-group.com<\/p><h2>Propri\u00e9t\u00e9 intellectuelle :<\/h2><p>Les \u00e9l\u00e9ments figurant au sein du pr\u00e9sent site, tels que sons, images, photographies, vid\u00e9os, \u00e9crits, animations, programmes, charte graphique, utilitaires, bases de donn\u00e9es, logiciel, sont prot\u00e9g\u00e9s par les dispositions du Code de la propri\u00e9t\u00e9 intellectuelle et appartiennent \u00e0 STIO. L\u2019utilisateur s\u2019interdit de porter atteinte aux droits de propri\u00e9t\u00e9 intellectuelle aff\u00e9rents \u00e0 ces \u00e9l\u00e9ments et notamment de les reproduire, repr\u00e9senter, modifier, adapter, traduire, d\u2019en extraire et\/ou r\u00e9utiliser une partie qualitativement ou quantitativement substantielle, \u00e0 l\u2019exclusion des actes n\u00e9cessaires \u00e0 leur usage normal et conforme.<\/p><h2>Cr\u00e9dits photos :<\/h2><p>Sources des photos ou illustrations en ligne : Les droits d\u2019auteurs et droits de propri\u00e9t\u00e9 intellectuelle appartiennent \u00e0 freepik ou \u00e0 ses contributeurs. Ces Oeuvres ont fait l\u2019objet d\u2019un contrat pour le t\u00e9l\u00e9chargement de contenu entre la soci\u00e9t\u00e9 STIO et la banque d\u2019images freepik.<\/p><p>Sources : <a href=\"http:\/\/www.fr.freepik.com\" target=\"_blank\" rel=\"nofollow noopener\">www.fr.freepik.com<\/a><\/p><p>Sources des photos ou illustrations en ligne : Les droits d\u2019auteurs et droits de propri\u00e9t\u00e9 intellectuelle appartiennent \u00e0 Fotolia ou \u00e0 ses contributeurs. Ces Oeuvres ont fait l\u2019objet d\u2019un contrat pour le t\u00e9l\u00e9chargement de contenu entre la soci\u00e9t\u00e9 STIO et la banque d\u2019images Fotolia.<\/p><p>Sources :<\/p><ul><li>unsplash.com<\/li><li>fr.fotolia.com<\/li><li>fr.freepik.com<\/li><li>pixabay.com<\/li><li>pexels.com<\/li><li>flaticon.com<\/li><\/ul><h2>Avertissements :<\/h2><p>STIO d\u00e9cline toute responsabilit\u00e9 en cas d\u2019erreur ou d\u2019omission.<\/p><p>Pour signaler une erreur ou demander la rectification d\u2019informations, n\u2019h\u00e9sitez pas \u00e0 contacter le webmestre en remplissant le\u00a0<a href=\"https:\/\/agence-webmarketing.eu\/stio\/contact\/\">formulaire de contact<\/a>.<\/p><p>Les informations techniques qui se trouvent sur ce site n\u2019ont qu\u2019une valeur informative et sont susceptibles d\u2019\u00e9voluer en fonction des modifications l\u00e9gislatives et r\u00e9glementaires.<\/p><p>STIO ne peut \u00eatre tenue responsable de l\u2019interpr\u00e9tation que vous pourriez faire des informations ou renseignements contenues dans ce site.<\/p><p>Il appartient \u00e0 l\u2019utilisateur de ce site de prendre toutes les mesures appropri\u00e9es de fa\u00e7on \u00e0 prot\u00e9ger ses propres donn\u00e9es et\/ou logiciels de la contamination par d\u2019\u00e9ventuels virus circulant sur le r\u00e9seau Internet. STIO d\u00e9cline toute responsabilit\u00e9 d\u2019un \u00e9ventuel dommage survenu pendant la consultation du pr\u00e9sent site.<\/p>\t\t\t\t\t\t\t\t<\/div>\n\t\t\t\t<\/div>\n\t\t\t\t<\/div>\n\t\t\t\t<\/div>\n\t\t\t\t<\/div>\n\t\t","protected":false},"excerpt":{"rendered":"<p>Mentions l\u00e9gales L&rsquo;\u00e9diteur de site Si\u00e8ge social : Parc Charles Renard, Boulevard Georges-Marie Guynemer, B\u00e2timent D4, 78210 SAINT CYR L\u2019ECOLE Mail : sales@stio-group.com Directeur de la publication : R\u00e9mi Perrot Responsable de la r\u00e9daction : R\u00e9mi Perrot H\u00e9bergeur : OVH, 2 rue Kellermann \u2013 59100 Roubaix, 03 59 36 00 41 Webmestre : R\u00e9mi Perrot &#8230; <a title=\"Mentions l\u00e9gales\" class=\"read-more\" href=\"https:\/\/agence-webmarketing.eu\/stio\/mentions-legales\/\" aria-label=\"En savoir plus sur Mentions l\u00e9gales\">Lire la suite<\/a><\/p>\n","protected":false},"author":2,"featured_media":0,"parent":0,"menu_order":0,"comment_status":"closed","ping_status":"closed","template":"elementor_header_footer","meta":{"footnotes":""},"class_list":["post-24","page","type-page","status-publish"],"aioseo_notices":[],"_links":{"self":[{"href":"https:\/\/agence-webmarketing.eu\/stio\/wp-json\/wp\/v2\/pages\/24","targetHints":{"allow":["GET"]}}],"collection":[{"href":"https:\/\/agence-webmarketing.eu\/stio\/wp-json\/wp\/v2\/pages"}],"about":[{"href":"https:\/\/agence-webmarketing.eu\/stio\/wp-json\/wp\/v2\/types\/page"}],"author":[{"embeddable":true,"href":"https:\/\/agence-webmarketing.eu\/stio\/wp-json\/wp\/v2\/users\/2"}],"replies":[{"embeddable":true,"href":"https:\/\/agence-webmarketing.eu\/stio\/wp-json\/wp\/v2\/comments?post=24"}],"version-history":[{"count":0,"href":"https:\/\/agence-webmarketing.eu\/stio\/wp-json\/wp\/v2\/pages\/24\/revisions"}],"wp:attachment":[{"href":"https:\/\/agence-webmarketing.eu\/stio\/wp-json\/wp\/v2\/media?parent=24"}],"curies":[{"name":"wp","href":"https:\/\/api.w.org\/{rel}","templated":true}]}}